{"id":4871,"date":"2014-06-09T08:24:39","date_gmt":"2014-06-09T08:24:39","guid":{"rendered":"http:\/\/bringitusa.com\/gc14\/?page_id=4871"},"modified":"2014-07-10T10:48:37","modified_gmt":"2014-07-10T10:48:37","slug":"national-youth-a-team-hungary","status":"publish","type":"page","link":"https:\/\/bringitusa.com\/gc14\/teams\/u16-division\/national-youth-a-team-hungary\/","title":{"rendered":"National Youth &#8220;A&#8221; Team \/ Hungary"},"content":{"rendered":"<p><a href=\"http:\/\/bringitusa.com\/gc14\/wp-content\/uploads\/sites\/2\/2014\/06\/csapat.jpg\"><img decoding=\"async\" src=\"http:\/\/bringitusa.com\/gc14\/wp-content\/uploads\/sites\/2\/2014\/06\/csapat.jpg\" alt=\"csapat\" width=\"960\" height=\"600\" class=\"alignnone size-full wp-image-5185\" srcset=\"https:\/\/bringitusa.com\/gc14\/wp-content\/uploads\/sites\/2\/2014\/06\/csapat-300x187.jpg 300w, https:\/\/bringitusa.com\/gc14\/wp-content\/uploads\/sites\/2\/2014\/06\/csapat.jpg 960w\" sizes=\"(max-width: 960px) 100vw, 960px\" \/><\/a><\/p>\n<div style=\"color: #222222;\">\n<div style=\"color: #222222;\">\n<table width=\"595\">\n<tbody>\n<tr>\n<td width=\"71\"><strong>Number<\/strong><\/td>\n<td width=\"141\"><strong>Name<\/strong><\/td>\n<td width=\"82\"><strong>Position<\/strong><\/td>\n<td width=\"73\"><strong>Height<\/strong><\/td>\n<td width=\"91\"><strong>Date of Birth<\/strong><\/td>\n<td width=\"123\"><strong>Club<\/strong><\/td>\n<\/tr>\n<tr>\n<td width=\"71\"><\/td>\n<td width=\"141\">Durst Anna<\/td>\n<td width=\"82\">setter<\/td>\n<td width=\"73\">177<\/td>\n<td width=\"91\">1998.02.24<\/td>\n<td width=\"123\">Vasas<\/td>\n<\/tr>\n<tr>\n<td width=\"71\"><\/td>\n<td width=\"141\">Bagyinka Fanni<\/td>\n<td width=\"82\">setter<\/td>\n<td width=\"73\">187<\/td>\n<td width=\"91\">1998.05.07<\/td>\n<td width=\"123\">BRSE<\/td>\n<\/tr>\n<tr>\n<td width=\"71\"><\/td>\n<td width=\"141\">Radomszki Bogi<\/td>\n<td width=\"82\">spiker<\/td>\n<td width=\"73\">172<\/td>\n<td width=\"91\">1998.10.08<\/td>\n<td width=\"123\">G\u00f6d\u00f6ll\u0151i RC<\/td>\n<\/tr>\n<tr>\n<td width=\"71\"><\/td>\n<td width=\"141\">Kalotai Zs\u00f3fia<\/td>\n<td width=\"82\">blocker<\/td>\n<td width=\"73\">191<\/td>\n<td width=\"91\">1998.04.03<\/td>\n<td width=\"123\">G\u00f6d\u00f6ll\u0151i RC<\/td>\n<\/tr>\n<tr>\n<td width=\"71\"><\/td>\n<td width=\"141\">V\u00e9n Eszter<\/td>\n<td width=\"82\">blocker<\/td>\n<td width=\"73\">180<\/td>\n<td width=\"91\">1998.07.07<\/td>\n<td width=\"123\">NRK<\/td>\n<\/tr>\n<tr>\n<td width=\"71\"><\/td>\n<td width=\"141\">T\u00f6r\u00f6k Kata<\/td>\n<td width=\"82\">spiker<\/td>\n<td width=\"73\">183<\/td>\n<td width=\"91\">1998.05.26<\/td>\n<td width=\"123\">TFSE-KRA<\/td>\n<\/tr>\n<tr>\n<td width=\"71\"><\/td>\n<td width=\"141\">Kiss Gr\u00e9ta<\/td>\n<td width=\"82\">universal<\/td>\n<td width=\"73\">183<\/td>\n<td width=\"91\">1998.05.06<\/td>\n<td width=\"123\">KESI<\/td>\n<\/tr>\n<tr>\n<td width=\"71\"><\/td>\n<td width=\"141\">Maurer Katalin<\/td>\n<td width=\"82\">libero<\/td>\n<td width=\"73\">177<\/td>\n<td width=\"91\">1998.10.21<\/td>\n<td width=\"123\">G\u00f6d\u00f6ll\u0151i RC<\/td>\n<\/tr>\n<tr>\n<td width=\"71\"><\/td>\n<td width=\"141\">Petrenk\u00f3 Brigitta<\/td>\n<td width=\"82\">setter<\/td>\n<td width=\"73\">179<\/td>\n<td width=\"91\">2000.05.15<\/td>\n<td width=\"123\">BRSE<\/td>\n<\/tr>\n<\/tbody>\n<\/table>\n<h2><\/h2>\n<h2><\/h2>\n<\/div>\n<\/div>\n<p>Head Coach: Istvan Szabados<\/p>\n","protected":false},"excerpt":{"rendered":"<p>Number Name Position Height Date of Birth Club Durst Anna setter 177 1998.02.24 Vasas Bagyinka Fanni setter 187 1998.05.07 BRSE Radomszki Bogi spiker 172 1998.10.08 G\u00f6d\u00f6ll\u0151i RC Kalotai Zs\u00f3fia blocker 191 1998.04.03 G\u00f6d\u00f6ll\u0151i RC V\u00e9n Eszter blocker 180 1998.07.07 NRK T\u00f6r\u00f6k Kata spiker 183 1998.05.26 TFSE-KRA Kiss Gr\u00e9ta universal 183 1998.05.06 KESI Maurer Katalin libero  [&#8230;]<\/p>\n","protected":false},"author":2,"featured_media":0,"parent":4837,"menu_order":0,"comment_status":"closed","ping_status":"closed","template":"side-navigation.php","meta":{"footnotes":""},"class_list":["post-4871","page","type-page","status-publish","hentry"],"yoast_head":"<!-- This site is optimized with the Yoast SEO plugin v27.4 - https:\/\/yoast.com\/product\/yoast-seo-wordpress\/ -->\n<title>National Youth &quot;A&quot; Team \/ Hungary - 2014 European Global Challenge<\/title>\n<meta name=\"robots\" content=\"index, follow, max-snippet:-1, max-image-preview:large, max-video-preview:-1\" \/>\n<link rel=\"canonical\" href=\"http:\/\/bringitusa.com\/gc14\/teams\/u16-division\/national-youth-a-team-hungary\/\" \/>\n<meta property=\"og:locale\" content=\"en_US\" \/>\n<meta property=\"og:type\" content=\"article\" \/>\n<meta property=\"og:title\" content=\"National Youth &quot;A&quot; Team \/ Hungary - 2014 European Global Challenge\" \/>\n<meta property=\"og:description\" content=\"Number Name Position Height Date of Birth Club Durst Anna setter 177 1998.02.24 Vasas Bagyinka Fanni setter 187 1998.05.07 BRSE Radomszki Bogi spiker 172 1998.10.08 G\u00f6d\u00f6ll\u0151i RC Kalotai Zs\u00f3fia blocker 191 1998.04.03 G\u00f6d\u00f6ll\u0151i RC V\u00e9n Eszter blocker 180 1998.07.07 NRK T\u00f6r\u00f6k Kata spiker 183 1998.05.26 TFSE-KRA Kiss Gr\u00e9ta universal 183 1998.05.06 KESI Maurer Katalin libero [...]\" \/>\n<meta property=\"og:url\" content=\"http:\/\/bringitusa.com\/gc14\/teams\/u16-division\/national-youth-a-team-hungary\/\" \/>\n<meta property=\"og:site_name\" content=\"2014 European Global Challenge\" \/>\n<meta property=\"article:modified_time\" content=\"2014-07-10T10:48:37+00:00\" \/>\n<meta property=\"og:image\" content=\"http:\/\/bringitusa.com\/gc14\/wp-content\/uploads\/sites\/2\/2014\/06\/csapat.jpg\" \/>\n<meta name=\"twitter:card\" content=\"summary_large_image\" \/>\n<script type=\"application\/ld+json\" class=\"yoast-schema-graph\">{\"@context\":\"https:\\\/\\\/schema.org\",\"@graph\":[{\"@type\":\"WebPage\",\"@id\":\"http:\\\/\\\/bringitusa.com\\\/gc14\\\/teams\\\/u16-division\\\/national-youth-a-team-hungary\\\/\",\"url\":\"http:\\\/\\\/bringitusa.com\\\/gc14\\\/teams\\\/u16-division\\\/national-youth-a-team-hungary\\\/\",\"name\":\"National Youth \\\"A\\\" Team \\\/ Hungary - 2014 European Global Challenge\",\"isPartOf\":{\"@id\":\"https:\\\/\\\/bringitusa.com\\\/gc14\\\/#website\"},\"primaryImageOfPage\":{\"@id\":\"http:\\\/\\\/bringitusa.com\\\/gc14\\\/teams\\\/u16-division\\\/national-youth-a-team-hungary\\\/#primaryimage\"},\"image\":{\"@id\":\"http:\\\/\\\/bringitusa.com\\\/gc14\\\/teams\\\/u16-division\\\/national-youth-a-team-hungary\\\/#primaryimage\"},\"thumbnailUrl\":\"http:\\\/\\\/bringitusa.com\\\/gc14\\\/wp-content\\\/uploads\\\/sites\\\/2\\\/2014\\\/06\\\/csapat.jpg\",\"datePublished\":\"2014-06-09T08:24:39+00:00\",\"dateModified\":\"2014-07-10T10:48:37+00:00\",\"breadcrumb\":{\"@id\":\"http:\\\/\\\/bringitusa.com\\\/gc14\\\/teams\\\/u16-division\\\/national-youth-a-team-hungary\\\/#breadcrumb\"},\"inLanguage\":\"en-US\",\"potentialAction\":[{\"@type\":\"ReadAction\",\"target\":[\"http:\\\/\\\/bringitusa.com\\\/gc14\\\/teams\\\/u16-division\\\/national-youth-a-team-hungary\\\/\"]}]},{\"@type\":\"ImageObject\",\"inLanguage\":\"en-US\",\"@id\":\"http:\\\/\\\/bringitusa.com\\\/gc14\\\/teams\\\/u16-division\\\/national-youth-a-team-hungary\\\/#primaryimage\",\"url\":\"https:\\\/\\\/bringitusa.com\\\/gc14\\\/wp-content\\\/uploads\\\/sites\\\/2\\\/2014\\\/06\\\/csapat.jpg\",\"contentUrl\":\"https:\\\/\\\/bringitusa.com\\\/gc14\\\/wp-content\\\/uploads\\\/sites\\\/2\\\/2014\\\/06\\\/csapat.jpg\",\"width\":960,\"height\":600},{\"@type\":\"BreadcrumbList\",\"@id\":\"http:\\\/\\\/bringitusa.com\\\/gc14\\\/teams\\\/u16-division\\\/national-youth-a-team-hungary\\\/#breadcrumb\",\"itemListElement\":[{\"@type\":\"ListItem\",\"position\":1,\"name\":\"Home\",\"item\":\"https:\\\/\\\/bringitusa.com\\\/gc14\\\/\"},{\"@type\":\"ListItem\",\"position\":2,\"name\":\"Teams\",\"item\":\"http:\\\/\\\/bringitusa.com\\\/gc14\\\/teams\\\/\"},{\"@type\":\"ListItem\",\"position\":3,\"name\":\"U17 Division\",\"item\":\"http:\\\/\\\/bringitusa.com\\\/gc14\\\/teams\\\/u16-division\\\/\"},{\"@type\":\"ListItem\",\"position\":4,\"name\":\"National Youth &#8220;A&#8221; Team \\\/ Hungary\"}]},{\"@type\":\"WebSite\",\"@id\":\"https:\\\/\\\/bringitusa.com\\\/gc14\\\/#website\",\"url\":\"https:\\\/\\\/bringitusa.com\\\/gc14\\\/\",\"name\":\"2014 European Global Challenge\",\"description\":\"Bring It USA, LLC Sites\",\"potentialAction\":[{\"@type\":\"SearchAction\",\"target\":{\"@type\":\"EntryPoint\",\"urlTemplate\":\"https:\\\/\\\/bringitusa.com\\\/gc14\\\/?s={search_term_string}\"},\"query-input\":{\"@type\":\"PropertyValueSpecification\",\"valueRequired\":true,\"valueName\":\"search_term_string\"}}],\"inLanguage\":\"en-US\"}]}<\/script>\n<!-- \/ Yoast SEO plugin. -->","yoast_head_json":{"title":"National Youth \"A\" Team \/ Hungary - 2014 European Global Challenge","robots":{"index":"index","follow":"follow","max-snippet":"max-snippet:-1","max-image-preview":"max-image-preview:large","max-video-preview":"max-video-preview:-1"},"canonical":"http:\/\/bringitusa.com\/gc14\/teams\/u16-division\/national-youth-a-team-hungary\/","og_locale":"en_US","og_type":"article","og_title":"National Youth \"A\" Team \/ Hungary - 2014 European Global Challenge","og_description":"Number Name Position Height Date of Birth Club Durst Anna setter 177 1998.02.24 Vasas Bagyinka Fanni setter 187 1998.05.07 BRSE Radomszki Bogi spiker 172 1998.10.08 G\u00f6d\u00f6ll\u0151i RC Kalotai Zs\u00f3fia blocker 191 1998.04.03 G\u00f6d\u00f6ll\u0151i RC V\u00e9n Eszter blocker 180 1998.07.07 NRK T\u00f6r\u00f6k Kata spiker 183 1998.05.26 TFSE-KRA Kiss Gr\u00e9ta universal 183 1998.05.06 KESI Maurer Katalin libero [...]","og_url":"http:\/\/bringitusa.com\/gc14\/teams\/u16-division\/national-youth-a-team-hungary\/","og_site_name":"2014 European Global Challenge","article_modified_time":"2014-07-10T10:48:37+00:00","og_image":[{"url":"http:\/\/bringitusa.com\/gc14\/wp-content\/uploads\/sites\/2\/2014\/06\/csapat.jpg","type":"","width":"","height":""}],"twitter_card":"summary_large_image","schema":{"@context":"https:\/\/schema.org","@graph":[{"@type":"WebPage","@id":"http:\/\/bringitusa.com\/gc14\/teams\/u16-division\/national-youth-a-team-hungary\/","url":"http:\/\/bringitusa.com\/gc14\/teams\/u16-division\/national-youth-a-team-hungary\/","name":"National Youth \"A\" Team \/ Hungary - 2014 European Global Challenge","isPartOf":{"@id":"https:\/\/bringitusa.com\/gc14\/#website"},"primaryImageOfPage":{"@id":"http:\/\/bringitusa.com\/gc14\/teams\/u16-division\/national-youth-a-team-hungary\/#primaryimage"},"image":{"@id":"http:\/\/bringitusa.com\/gc14\/teams\/u16-division\/national-youth-a-team-hungary\/#primaryimage"},"thumbnailUrl":"http:\/\/bringitusa.com\/gc14\/wp-content\/uploads\/sites\/2\/2014\/06\/csapat.jpg","datePublished":"2014-06-09T08:24:39+00:00","dateModified":"2014-07-10T10:48:37+00:00","breadcrumb":{"@id":"http:\/\/bringitusa.com\/gc14\/teams\/u16-division\/national-youth-a-team-hungary\/#breadcrumb"},"inLanguage":"en-US","potentialAction":[{"@type":"ReadAction","target":["http:\/\/bringitusa.com\/gc14\/teams\/u16-division\/national-youth-a-team-hungary\/"]}]},{"@type":"ImageObject","inLanguage":"en-US","@id":"http:\/\/bringitusa.com\/gc14\/teams\/u16-division\/national-youth-a-team-hungary\/#primaryimage","url":"https:\/\/bringitusa.com\/gc14\/wp-content\/uploads\/sites\/2\/2014\/06\/csapat.jpg","contentUrl":"https:\/\/bringitusa.com\/gc14\/wp-content\/uploads\/sites\/2\/2014\/06\/csapat.jpg","width":960,"height":600},{"@type":"BreadcrumbList","@id":"http:\/\/bringitusa.com\/gc14\/teams\/u16-division\/national-youth-a-team-hungary\/#breadcrumb","itemListElement":[{"@type":"ListItem","position":1,"name":"Home","item":"https:\/\/bringitusa.com\/gc14\/"},{"@type":"ListItem","position":2,"name":"Teams","item":"http:\/\/bringitusa.com\/gc14\/teams\/"},{"@type":"ListItem","position":3,"name":"U17 Division","item":"http:\/\/bringitusa.com\/gc14\/teams\/u16-division\/"},{"@type":"ListItem","position":4,"name":"National Youth &#8220;A&#8221; Team \/ Hungary"}]},{"@type":"WebSite","@id":"https:\/\/bringitusa.com\/gc14\/#website","url":"https:\/\/bringitusa.com\/gc14\/","name":"2014 European Global Challenge","description":"Bring It USA, LLC Sites","potentialAction":[{"@type":"SearchAction","target":{"@type":"EntryPoint","urlTemplate":"https:\/\/bringitusa.com\/gc14\/?s={search_term_string}"},"query-input":{"@type":"PropertyValueSpecification","valueRequired":true,"valueName":"search_term_string"}}],"inLanguage":"en-US"}]}},"_links":{"self":[{"href":"https:\/\/bringitusa.com\/gc14\/wp-json\/wp\/v2\/pages\/4871","targetHints":{"allow":["GET"]}}],"collection":[{"href":"https:\/\/bringitusa.com\/gc14\/wp-json\/wp\/v2\/pages"}],"about":[{"href":"https:\/\/bringitusa.com\/gc14\/wp-json\/wp\/v2\/types\/page"}],"author":[{"embeddable":true,"href":"https:\/\/bringitusa.com\/gc14\/wp-json\/wp\/v2\/users\/2"}],"replies":[{"embeddable":true,"href":"https:\/\/bringitusa.com\/gc14\/wp-json\/wp\/v2\/comments?post=4871"}],"version-history":[{"count":0,"href":"https:\/\/bringitusa.com\/gc14\/wp-json\/wp\/v2\/pages\/4871\/revisions"}],"up":[{"embeddable":true,"href":"https:\/\/bringitusa.com\/gc14\/wp-json\/wp\/v2\/pages\/4837"}],"wp:attachment":[{"href":"https:\/\/bringitusa.com\/gc14\/wp-json\/wp\/v2\/media?parent=4871"}],"curies":[{"name":"wp","href":"https:\/\/api.w.org\/{rel}","templated":true}]}}