{"id":4961,"date":"2014-06-11T10:21:19","date_gmt":"2014-06-11T10:21:19","guid":{"rendered":"http:\/\/bringitusa.com\/gc14\/?page_id=4961"},"modified":"2014-07-28T10:15:32","modified_gmt":"2014-07-28T10:15:32","slug":"ok-pula-croatia","status":"publish","type":"page","link":"https:\/\/bringitusa.com\/gc14\/teams\/u16-division\/ok-pula-croatia\/","title":{"rendered":"OK Pula, Croatia"},"content":{"rendered":"<p><a href=\"http:\/\/bringitusa.com\/gc14\/wp-content\/uploads\/sites\/2\/2014\/06\/PULA.jpg\"><img decoding=\"async\" class=\"alignleft size-full wp-image-7314\" src=\"http:\/\/bringitusa.com\/gc14\/wp-content\/uploads\/sites\/2\/2014\/06\/PULA.jpg\" alt=\"PULA\" width=\"600\" height=\"400\" srcset=\"https:\/\/bringitusa.com\/gc14\/wp-content\/uploads\/sites\/2\/2014\/06\/PULA-300x200.jpg 300w, https:\/\/bringitusa.com\/gc14\/wp-content\/uploads\/sites\/2\/2014\/06\/PULA.jpg 600w\" sizes=\"(max-width: 600px) 100vw, 600px\" \/><\/a><\/p>\n<table width=\"595\">\n<tbody>\n<tr>\n<td width=\"71\"><strong>Number<\/strong><\/td>\n<td width=\"141\"><strong>Name<\/strong><\/td>\n<td width=\"82\"><strong>Position<\/strong><\/td>\n<td width=\"73\"><strong>Height<\/strong><\/td>\n<td width=\"91\"><strong>Date of Birth<\/strong><\/td>\n<td width=\"123\"><strong>Club<\/strong><\/td>\n<\/tr>\n<tr>\n<td width=\"71\"><\/td>\n<td width=\"141\">Tadi\u0107 Antonela<\/td>\n<td width=\"82\">setter<\/td>\n<td width=\"73\">178<\/td>\n<td width=\"91\">1997<\/td>\n<td width=\"123\">OK Pula<\/td>\n<\/tr>\n<tr>\n<td width=\"71\"><\/td>\n<td width=\"141\">Petri\u0107 Martina<\/td>\n<td width=\"82\">spiker<\/td>\n<td width=\"73\">179<\/td>\n<td width=\"91\">1998<\/td>\n<td width=\"123\">OK Pula<\/td>\n<\/tr>\n<tr>\n<td width=\"71\"><\/td>\n<td width=\"141\">Fabris Karla<\/td>\n<td width=\"82\">spiker<\/td>\n<td width=\"73\">180<\/td>\n<td width=\"91\">1998<\/td>\n<td width=\"123\">OK Pula<\/td>\n<\/tr>\n<tr>\n<td width=\"71\"><\/td>\n<td width=\"141\">Gievelekaj Vansessa<\/td>\n<td width=\"82\">blocker<\/td>\n<td width=\"73\">185<\/td>\n<td width=\"91\">1998<\/td>\n<td width=\"123\">OK Pula<\/td>\n<\/tr>\n<tr>\n<td width=\"71\"><\/td>\n<td width=\"141\">Nimas Oriana<\/td>\n<td width=\"82\">setter<\/td>\n<td width=\"73\">177<\/td>\n<td width=\"91\">1997<\/td>\n<td width=\"123\">OK Pula<\/td>\n<\/tr>\n<tr>\n<td width=\"71\"><\/td>\n<td width=\"141\">Kalister Barbara<\/td>\n<td width=\"82\">blocker<\/td>\n<td width=\"73\">190<\/td>\n<td width=\"91\">1999<\/td>\n<td width=\"123\">OK Pula<\/td>\n<\/tr>\n<tr>\n<td width=\"71\"><\/td>\n<td width=\"141\">Milinovi\u0107 Kiara<\/td>\n<td width=\"82\">diagonal<\/td>\n<td width=\"73\">175<\/td>\n<td width=\"91\">1999<\/td>\n<td width=\"123\">OK Pula<\/td>\n<\/tr>\n<tr>\n<td width=\"71\"><\/td>\n<td width=\"141\">Gievelekaj Gabriella<\/td>\n<td width=\"82\">libero<\/td>\n<td width=\"73\">165<\/td>\n<td width=\"91\">1999<\/td>\n<td width=\"123\">OK Pula<\/td>\n<\/tr>\n<tr>\n<td width=\"71\"><\/td>\n<td width=\"141\">Erak Katerina<\/td>\n<td width=\"82\">blocker<\/td>\n<td width=\"73\">182<\/td>\n<td width=\"91\">1999<\/td>\n<td width=\"123\">OK Pula<\/td>\n<\/tr>\n<tr>\n<td width=\"71\"><\/td>\n<td width=\"141\">\u0106opi\u0107 Nelli<\/td>\n<td width=\"82\">blocker<\/td>\n<td width=\"73\">185<\/td>\n<td width=\"91\">1998<\/td>\n<td width=\"123\">OK Pula<\/td>\n<\/tr>\n<tr>\n<td width=\"71\"><\/td>\n<td width=\"141\">An\u0111elkovi\u0107 Emili<\/td>\n<td width=\"82\">spiker<\/td>\n<td width=\"73\">178<\/td>\n<td width=\"91\">2000<\/td>\n<td width=\"123\">OK Pula<\/td>\n<\/tr>\n<tr>\n<td width=\"71\"><\/td>\n<td width=\"141\">Gojkovi\u0107 Nora<\/td>\n<td width=\"82\">libero<\/td>\n<td width=\"73\">170<\/td>\n<td width=\"91\">1999<\/td>\n<td width=\"123\">OK Pula<\/td>\n<\/tr>\n<tr>\n<td width=\"71\"><\/td>\n<td width=\"141\">\u0160upuk Melisa<\/td>\n<td width=\"82\">libero<\/td>\n<td width=\"73\">167<\/td>\n<td width=\"91\">1999<\/td>\n<td width=\"123\">OK Pula<\/td>\n<\/tr>\n<tr>\n<td width=\"71\"><\/td>\n<td width=\"141\">Maras Tea<\/td>\n<td width=\"82\">setter<\/td>\n<td width=\"73\">174<\/td>\n<td width=\"91\">1999<\/td>\n<td width=\"123\">OK Pula<\/td>\n<\/tr>\n<tr>\n<td width=\"71\"><\/td>\n<td width=\"141\">Kri\u017eanac Ana<\/td>\n<td width=\"82\">spiker<\/td>\n<td width=\"73\">174<\/td>\n<td width=\"91\">2000<\/td>\n<td width=\"123\">OK Pula<\/td>\n<\/tr>\n<\/tbody>\n<\/table>\n<p>&nbsp;<\/p>\n<p>&nbsp;<\/p>\n<p>Coach: Bre\u0161\u010di\u0107 Sto\u0161i\u0107 Jasmina and Bre\u0161\u010di\u0107 Boris<\/p>\n<p>Physio: Brklja\u010da Marjan<\/p>\n","protected":false},"excerpt":{"rendered":"<p>Number Name Position Height Date of Birth Club Tadi\u0107 Antonela setter 178 1997 OK Pula Petri\u0107 Martina spiker 179 1998 OK Pula Fabris Karla spiker 180 1998 OK Pula Gievelekaj Vansessa blocker 185 1998 OK Pula Nimas Oriana setter 177 1997 OK Pula Kalister Barbara blocker 190 1999 OK Pula Milinovi\u0107 Kiara diagonal 175 1999  [&#8230;]<\/p>\n","protected":false},"author":2,"featured_media":0,"parent":4837,"menu_order":0,"comment_status":"closed","ping_status":"closed","template":"side-navigation.php","meta":{"footnotes":""},"class_list":["post-4961","page","type-page","status-publish","hentry"],"yoast_head":"<!-- This site is optimized with the Yoast SEO plugin v27.4 - https:\/\/yoast.com\/product\/yoast-seo-wordpress\/ -->\n<title>OK Pula, Croatia - 2014 European Global Challenge<\/title>\n<meta name=\"robots\" content=\"index, follow, max-snippet:-1, max-image-preview:large, max-video-preview:-1\" \/>\n<link rel=\"canonical\" href=\"https:\/\/bringitusa.com\/gc14\/teams\/u16-division\/ok-pula-croatia\/\" \/>\n<meta property=\"og:locale\" content=\"en_US\" \/>\n<meta property=\"og:type\" content=\"article\" \/>\n<meta property=\"og:title\" content=\"OK Pula, Croatia - 2014 European Global Challenge\" \/>\n<meta property=\"og:description\" content=\"Number Name Position Height Date of Birth Club Tadi\u0107 Antonela setter 178 1997 OK Pula Petri\u0107 Martina spiker 179 1998 OK Pula Fabris Karla spiker 180 1998 OK Pula Gievelekaj Vansessa blocker 185 1998 OK Pula Nimas Oriana setter 177 1997 OK Pula Kalister Barbara blocker 190 1999 OK Pula Milinovi\u0107 Kiara diagonal 175 1999 [...]\" \/>\n<meta property=\"og:url\" content=\"https:\/\/bringitusa.com\/gc14\/teams\/u16-division\/ok-pula-croatia\/\" \/>\n<meta property=\"og:site_name\" content=\"2014 European Global Challenge\" \/>\n<meta property=\"article:modified_time\" content=\"2014-07-28T10:15:32+00:00\" \/>\n<meta property=\"og:image\" content=\"http:\/\/bringitusa.com\/gc14\/wp-content\/uploads\/sites\/2\/2014\/06\/PULA.jpg\" \/>\n<meta name=\"twitter:card\" content=\"summary_large_image\" \/>\n<meta name=\"twitter:label1\" content=\"Est. reading time\" \/>\n\t<meta name=\"twitter:data1\" content=\"1 minute\" \/>\n<script type=\"application\/ld+json\" class=\"yoast-schema-graph\">{\"@context\":\"https:\\\/\\\/schema.org\",\"@graph\":[{\"@type\":\"WebPage\",\"@id\":\"https:\\\/\\\/bringitusa.com\\\/gc14\\\/teams\\\/u16-division\\\/ok-pula-croatia\\\/\",\"url\":\"https:\\\/\\\/bringitusa.com\\\/gc14\\\/teams\\\/u16-division\\\/ok-pula-croatia\\\/\",\"name\":\"OK Pula, Croatia - 2014 European Global Challenge\",\"isPartOf\":{\"@id\":\"https:\\\/\\\/bringitusa.com\\\/gc14\\\/#website\"},\"primaryImageOfPage\":{\"@id\":\"https:\\\/\\\/bringitusa.com\\\/gc14\\\/teams\\\/u16-division\\\/ok-pula-croatia\\\/#primaryimage\"},\"image\":{\"@id\":\"https:\\\/\\\/bringitusa.com\\\/gc14\\\/teams\\\/u16-division\\\/ok-pula-croatia\\\/#primaryimage\"},\"thumbnailUrl\":\"http:\\\/\\\/bringitusa.com\\\/gc14\\\/wp-content\\\/uploads\\\/sites\\\/2\\\/2014\\\/06\\\/PULA.jpg\",\"datePublished\":\"2014-06-11T10:21:19+00:00\",\"dateModified\":\"2014-07-28T10:15:32+00:00\",\"breadcrumb\":{\"@id\":\"https:\\\/\\\/bringitusa.com\\\/gc14\\\/teams\\\/u16-division\\\/ok-pula-croatia\\\/#breadcrumb\"},\"inLanguage\":\"en-US\",\"potentialAction\":[{\"@type\":\"ReadAction\",\"target\":[\"https:\\\/\\\/bringitusa.com\\\/gc14\\\/teams\\\/u16-division\\\/ok-pula-croatia\\\/\"]}]},{\"@type\":\"ImageObject\",\"inLanguage\":\"en-US\",\"@id\":\"https:\\\/\\\/bringitusa.com\\\/gc14\\\/teams\\\/u16-division\\\/ok-pula-croatia\\\/#primaryimage\",\"url\":\"https:\\\/\\\/bringitusa.com\\\/gc14\\\/wp-content\\\/uploads\\\/sites\\\/2\\\/2014\\\/06\\\/PULA.jpg\",\"contentUrl\":\"https:\\\/\\\/bringitusa.com\\\/gc14\\\/wp-content\\\/uploads\\\/sites\\\/2\\\/2014\\\/06\\\/PULA.jpg\",\"width\":600,\"height\":400},{\"@type\":\"BreadcrumbList\",\"@id\":\"https:\\\/\\\/bringitusa.com\\\/gc14\\\/teams\\\/u16-division\\\/ok-pula-croatia\\\/#breadcrumb\",\"itemListElement\":[{\"@type\":\"ListItem\",\"position\":1,\"name\":\"Home\",\"item\":\"https:\\\/\\\/bringitusa.com\\\/gc14\\\/\"},{\"@type\":\"ListItem\",\"position\":2,\"name\":\"Teams\",\"item\":\"http:\\\/\\\/bringitusa.com\\\/gc14\\\/teams\\\/\"},{\"@type\":\"ListItem\",\"position\":3,\"name\":\"U17 Division\",\"item\":\"http:\\\/\\\/bringitusa.com\\\/gc14\\\/teams\\\/u16-division\\\/\"},{\"@type\":\"ListItem\",\"position\":4,\"name\":\"OK Pula, Croatia\"}]},{\"@type\":\"WebSite\",\"@id\":\"https:\\\/\\\/bringitusa.com\\\/gc14\\\/#website\",\"url\":\"https:\\\/\\\/bringitusa.com\\\/gc14\\\/\",\"name\":\"2014 European Global Challenge\",\"description\":\"Bring It USA, LLC Sites\",\"potentialAction\":[{\"@type\":\"SearchAction\",\"target\":{\"@type\":\"EntryPoint\",\"urlTemplate\":\"https:\\\/\\\/bringitusa.com\\\/gc14\\\/?s={search_term_string}\"},\"query-input\":{\"@type\":\"PropertyValueSpecification\",\"valueRequired\":true,\"valueName\":\"search_term_string\"}}],\"inLanguage\":\"en-US\"}]}<\/script>\n<!-- \/ Yoast SEO plugin. -->","yoast_head_json":{"title":"OK Pula, Croatia - 2014 European Global Challenge","robots":{"index":"index","follow":"follow","max-snippet":"max-snippet:-1","max-image-preview":"max-image-preview:large","max-video-preview":"max-video-preview:-1"},"canonical":"https:\/\/bringitusa.com\/gc14\/teams\/u16-division\/ok-pula-croatia\/","og_locale":"en_US","og_type":"article","og_title":"OK Pula, Croatia - 2014 European Global Challenge","og_description":"Number Name Position Height Date of Birth Club Tadi\u0107 Antonela setter 178 1997 OK Pula Petri\u0107 Martina spiker 179 1998 OK Pula Fabris Karla spiker 180 1998 OK Pula Gievelekaj Vansessa blocker 185 1998 OK Pula Nimas Oriana setter 177 1997 OK Pula Kalister Barbara blocker 190 1999 OK Pula Milinovi\u0107 Kiara diagonal 175 1999 [...]","og_url":"https:\/\/bringitusa.com\/gc14\/teams\/u16-division\/ok-pula-croatia\/","og_site_name":"2014 European Global Challenge","article_modified_time":"2014-07-28T10:15:32+00:00","og_image":[{"url":"http:\/\/bringitusa.com\/gc14\/wp-content\/uploads\/sites\/2\/2014\/06\/PULA.jpg","type":"","width":"","height":""}],"twitter_card":"summary_large_image","twitter_misc":{"Est. reading time":"1 minute"},"schema":{"@context":"https:\/\/schema.org","@graph":[{"@type":"WebPage","@id":"https:\/\/bringitusa.com\/gc14\/teams\/u16-division\/ok-pula-croatia\/","url":"https:\/\/bringitusa.com\/gc14\/teams\/u16-division\/ok-pula-croatia\/","name":"OK Pula, Croatia - 2014 European Global Challenge","isPartOf":{"@id":"https:\/\/bringitusa.com\/gc14\/#website"},"primaryImageOfPage":{"@id":"https:\/\/bringitusa.com\/gc14\/teams\/u16-division\/ok-pula-croatia\/#primaryimage"},"image":{"@id":"https:\/\/bringitusa.com\/gc14\/teams\/u16-division\/ok-pula-croatia\/#primaryimage"},"thumbnailUrl":"http:\/\/bringitusa.com\/gc14\/wp-content\/uploads\/sites\/2\/2014\/06\/PULA.jpg","datePublished":"2014-06-11T10:21:19+00:00","dateModified":"2014-07-28T10:15:32+00:00","breadcrumb":{"@id":"https:\/\/bringitusa.com\/gc14\/teams\/u16-division\/ok-pula-croatia\/#breadcrumb"},"inLanguage":"en-US","potentialAction":[{"@type":"ReadAction","target":["https:\/\/bringitusa.com\/gc14\/teams\/u16-division\/ok-pula-croatia\/"]}]},{"@type":"ImageObject","inLanguage":"en-US","@id":"https:\/\/bringitusa.com\/gc14\/teams\/u16-division\/ok-pula-croatia\/#primaryimage","url":"https:\/\/bringitusa.com\/gc14\/wp-content\/uploads\/sites\/2\/2014\/06\/PULA.jpg","contentUrl":"https:\/\/bringitusa.com\/gc14\/wp-content\/uploads\/sites\/2\/2014\/06\/PULA.jpg","width":600,"height":400},{"@type":"BreadcrumbList","@id":"https:\/\/bringitusa.com\/gc14\/teams\/u16-division\/ok-pula-croatia\/#breadcrumb","itemListElement":[{"@type":"ListItem","position":1,"name":"Home","item":"https:\/\/bringitusa.com\/gc14\/"},{"@type":"ListItem","position":2,"name":"Teams","item":"http:\/\/bringitusa.com\/gc14\/teams\/"},{"@type":"ListItem","position":3,"name":"U17 Division","item":"http:\/\/bringitusa.com\/gc14\/teams\/u16-division\/"},{"@type":"ListItem","position":4,"name":"OK Pula, Croatia"}]},{"@type":"WebSite","@id":"https:\/\/bringitusa.com\/gc14\/#website","url":"https:\/\/bringitusa.com\/gc14\/","name":"2014 European Global Challenge","description":"Bring It USA, LLC Sites","potentialAction":[{"@type":"SearchAction","target":{"@type":"EntryPoint","urlTemplate":"https:\/\/bringitusa.com\/gc14\/?s={search_term_string}"},"query-input":{"@type":"PropertyValueSpecification","valueRequired":true,"valueName":"search_term_string"}}],"inLanguage":"en-US"}]}},"_links":{"self":[{"href":"https:\/\/bringitusa.com\/gc14\/wp-json\/wp\/v2\/pages\/4961","targetHints":{"allow":["GET"]}}],"collection":[{"href":"https:\/\/bringitusa.com\/gc14\/wp-json\/wp\/v2\/pages"}],"about":[{"href":"https:\/\/bringitusa.com\/gc14\/wp-json\/wp\/v2\/types\/page"}],"author":[{"embeddable":true,"href":"https:\/\/bringitusa.com\/gc14\/wp-json\/wp\/v2\/users\/2"}],"replies":[{"embeddable":true,"href":"https:\/\/bringitusa.com\/gc14\/wp-json\/wp\/v2\/comments?post=4961"}],"version-history":[{"count":0,"href":"https:\/\/bringitusa.com\/gc14\/wp-json\/wp\/v2\/pages\/4961\/revisions"}],"up":[{"embeddable":true,"href":"https:\/\/bringitusa.com\/gc14\/wp-json\/wp\/v2\/pages\/4837"}],"wp:attachment":[{"href":"https:\/\/bringitusa.com\/gc14\/wp-json\/wp\/v2\/media?parent=4961"}],"curies":[{"name":"wp","href":"https:\/\/api.w.org\/{rel}","templated":true}]}}