{"id":5178,"date":"2014-07-10T10:20:16","date_gmt":"2014-07-10T10:20:16","guid":{"rendered":"http:\/\/bringitusa.com\/gc14\/?page_id=5178"},"modified":"2014-07-11T07:53:31","modified_gmt":"2014-07-11T07:53:31","slug":"vasas-obuda","status":"publish","type":"page","link":"https:\/\/bringitusa.com\/gc14\/teams\/u22-division\/vasas-obuda\/","title":{"rendered":"VASAS \u00d3buda"},"content":{"rendered":"<p><a href=\"http:\/\/bringitusa.com\/gc14\/wp-content\/uploads\/sites\/2\/2014\/07\/csapat.jpg-kicsi.jpg\"><img decoding=\"async\" class=\"alignnone size-full wp-image-5181\" src=\"http:\/\/bringitusa.com\/gc14\/wp-content\/uploads\/sites\/2\/2014\/07\/csapat.jpg-kicsi.jpg\" alt=\"csapat.jpg kicsi\" width=\"893\" height=\"578\" srcset=\"https:\/\/bringitusa.com\/gc14\/wp-content\/uploads\/sites\/2\/2014\/07\/csapat.jpg-kicsi-300x194.jpg 300w, https:\/\/bringitusa.com\/gc14\/wp-content\/uploads\/sites\/2\/2014\/07\/csapat.jpg-kicsi.jpg 893w\" sizes=\"(max-width: 893px) 100vw, 893px\" \/><\/a><\/p>\n<table width=\"595\">\n<tbody>\n<tr>\n<td width=\"71\"><strong>Number<\/strong><\/td>\n<td width=\"141\"><strong>Name<\/strong><\/td>\n<td width=\"82\"><strong>Position<\/strong><\/td>\n<td width=\"73\"><strong>Height<\/strong><\/td>\n<td width=\"91\"><strong>Date of Birth<\/strong><\/td>\n<td width=\"123\"><strong>Club<\/strong><\/td>\n<\/tr>\n<tr>\n<td width=\"71\">\u00a02<\/td>\n<td width=\"141\">Zsanett Miklai<\/td>\n<td width=\"82\">Spiker<\/td>\n<td width=\"73\">188 cm<\/td>\n<td width=\"91\">1992<\/td>\n<td width=\"123\">Vasas \u00d3buda<\/td>\n<\/tr>\n<tr>\n<td width=\"71\"><\/td>\n<td width=\"141\">Lilla Vill\u00e1m<\/td>\n<td width=\"82\">Spiker<\/td>\n<td width=\"73\">185 cm<\/td>\n<td width=\"91\">1997<\/td>\n<td width=\"123\">Vasas \u00d3buda<\/td>\n<\/tr>\n<tr>\n<td width=\"71\">\u00a08<\/td>\n<td width=\"141\">Adrienn Szab\u00f3<\/td>\n<td width=\"82\">Spiker<\/td>\n<td width=\"73\">177 cm<\/td>\n<td width=\"91\">1995<\/td>\n<td width=\"123\">Vasas \u00d3buda<\/td>\n<\/tr>\n<tr>\n<td width=\"71\">\u00a09<\/td>\n<td width=\"141\">Evelin Vacsi<\/td>\n<td width=\"82\">MB<\/td>\n<td width=\"73\">177 cm<\/td>\n<td width=\"91\">1993<\/td>\n<td width=\"123\">Vasas \u00d3buda<\/td>\n<\/tr>\n<tr>\n<td width=\"71\"><\/td>\n<td width=\"141\">Hanna Bodovics<\/td>\n<td width=\"82\">MB<\/td>\n<td width=\"73\">188 cm<\/td>\n<td width=\"91\">1996<\/td>\n<td width=\"123\">Vasas \u00d3buda<\/td>\n<\/tr>\n<tr>\n<td width=\"71\"><\/td>\n<td width=\"141\">Emese Czettli<\/td>\n<td width=\"82\">Setter<\/td>\n<td width=\"73\">170 cm<\/td>\n<td width=\"91\">1997<\/td>\n<td width=\"123\">Vasas \u00d3buda<\/td>\n<\/tr>\n<tr>\n<td width=\"71\">7<\/td>\n<td width=\"141\">Zsuzsanna T\u00e1las<\/td>\n<td width=\"82\">Setter<\/td>\n<td width=\"73\">174 cm<\/td>\n<td width=\"91\">1993<\/td>\n<td width=\"123\">Vasas \u00d3buda<\/td>\n<\/tr>\n<tr>\n<td width=\"71\"><\/td>\n<td width=\"141\">Eszter Lutter<\/td>\n<td width=\"82\">Spiker<\/td>\n<td width=\"73\">180 cm<\/td>\n<td width=\"91\">1990<\/td>\n<td width=\"123\">Vasas \u00d3buda<\/td>\n<\/tr>\n<tr>\n<td width=\"71\">1<\/td>\n<td width=\"141\">Vivien L\u00e9vai<\/td>\n<td width=\"82\">Libero<\/td>\n<td width=\"73\">164 cm<\/td>\n<td width=\"91\">1992<\/td>\n<td width=\"123\">Vasas \u00d3buda<\/td>\n<\/tr>\n<\/tbody>\n<\/table>\n<p>&nbsp;<\/p>\n<p>Head Coach: Zolt\u00e1n J\u00f3kay<\/p>\n<p>Assistant Coach: Bal\u00e1zs Buday<\/p>\n<p>Team Manager: M\u00e1rton Sarl\u00f3s<\/p>\n","protected":false},"excerpt":{"rendered":"<p>Number Name Position Height Date of Birth Club \u00a02 Zsanett Miklai Spiker 188 cm 1992 Vasas \u00d3buda Lilla Vill\u00e1m Spiker 185 cm 1997 Vasas \u00d3buda \u00a08 Adrienn Szab\u00f3 Spiker 177 cm 1995 Vasas \u00d3buda \u00a09 Evelin Vacsi MB 177 cm 1993 Vasas \u00d3buda Hanna Bodovics MB 188 cm 1996 Vasas \u00d3buda Emese Czettli Setter 170  [&#8230;]<\/p>\n","protected":false},"author":2,"featured_media":0,"parent":4835,"menu_order":0,"comment_status":"closed","ping_status":"closed","template":"side-navigation.php","meta":{"footnotes":""},"class_list":["post-5178","page","type-page","status-publish","hentry"],"yoast_head":"<!-- This site is optimized with the Yoast SEO plugin v26.7 - https:\/\/yoast.com\/wordpress\/plugins\/seo\/ -->\n<title>VASAS \u00d3buda - 2014 European Global Challenge<\/title>\n<meta name=\"robots\" content=\"index, follow, max-snippet:-1, max-image-preview:large, max-video-preview:-1\" \/>\n<link rel=\"canonical\" href=\"https:\/\/bringitusa.com\/gc14\/teams\/u22-division\/vasas-obuda\/\" \/>\n<meta property=\"og:locale\" content=\"en_US\" \/>\n<meta property=\"og:type\" content=\"article\" \/>\n<meta property=\"og:title\" content=\"VASAS \u00d3buda - 2014 European Global Challenge\" \/>\n<meta property=\"og:description\" content=\"Number Name Position Height Date of Birth Club \u00a02 Zsanett Miklai Spiker 188 cm 1992 Vasas \u00d3buda Lilla Vill\u00e1m Spiker 185 cm 1997 Vasas \u00d3buda \u00a08 Adrienn Szab\u00f3 Spiker 177 cm 1995 Vasas \u00d3buda \u00a09 Evelin Vacsi MB 177 cm 1993 Vasas \u00d3buda Hanna Bodovics MB 188 cm 1996 Vasas \u00d3buda Emese Czettli Setter 170 [...]\" \/>\n<meta property=\"og:url\" content=\"https:\/\/bringitusa.com\/gc14\/teams\/u22-division\/vasas-obuda\/\" \/>\n<meta property=\"og:site_name\" content=\"2014 European Global Challenge\" \/>\n<meta property=\"article:modified_time\" content=\"2014-07-11T07:53:31+00:00\" \/>\n<meta property=\"og:image\" content=\"http:\/\/bringitusa.com\/gc14\/wp-content\/uploads\/sites\/2\/2014\/07\/csapat.jpg-kicsi.jpg\" \/>\n<meta name=\"twitter:card\" content=\"summary_large_image\" \/>\n<script type=\"application\/ld+json\" class=\"yoast-schema-graph\">{\"@context\":\"https:\/\/schema.org\",\"@graph\":[{\"@type\":\"WebPage\",\"@id\":\"https:\/\/bringitusa.com\/gc14\/teams\/u22-division\/vasas-obuda\/\",\"url\":\"https:\/\/bringitusa.com\/gc14\/teams\/u22-division\/vasas-obuda\/\",\"name\":\"VASAS \u00d3buda - 2014 European Global Challenge\",\"isPartOf\":{\"@id\":\"https:\/\/bringitusa.com\/gc14\/#website\"},\"primaryImageOfPage\":{\"@id\":\"https:\/\/bringitusa.com\/gc14\/teams\/u22-division\/vasas-obuda\/#primaryimage\"},\"image\":{\"@id\":\"https:\/\/bringitusa.com\/gc14\/teams\/u22-division\/vasas-obuda\/#primaryimage\"},\"thumbnailUrl\":\"http:\/\/bringitusa.com\/gc14\/wp-content\/uploads\/sites\/2\/2014\/07\/csapat.jpg-kicsi.jpg\",\"datePublished\":\"2014-07-10T10:20:16+00:00\",\"dateModified\":\"2014-07-11T07:53:31+00:00\",\"breadcrumb\":{\"@id\":\"https:\/\/bringitusa.com\/gc14\/teams\/u22-division\/vasas-obuda\/#breadcrumb\"},\"inLanguage\":\"en-US\",\"potentialAction\":[{\"@type\":\"ReadAction\",\"target\":[\"https:\/\/bringitusa.com\/gc14\/teams\/u22-division\/vasas-obuda\/\"]}]},{\"@type\":\"ImageObject\",\"inLanguage\":\"en-US\",\"@id\":\"https:\/\/bringitusa.com\/gc14\/teams\/u22-division\/vasas-obuda\/#primaryimage\",\"url\":\"https:\/\/bringitusa.com\/gc14\/wp-content\/uploads\/sites\/2\/2014\/07\/csapat.jpg-kicsi.jpg\",\"contentUrl\":\"https:\/\/bringitusa.com\/gc14\/wp-content\/uploads\/sites\/2\/2014\/07\/csapat.jpg-kicsi.jpg\",\"width\":893,\"height\":578},{\"@type\":\"BreadcrumbList\",\"@id\":\"https:\/\/bringitusa.com\/gc14\/teams\/u22-division\/vasas-obuda\/#breadcrumb\",\"itemListElement\":[{\"@type\":\"ListItem\",\"position\":1,\"name\":\"Home\",\"item\":\"https:\/\/bringitusa.com\/gc14\/\"},{\"@type\":\"ListItem\",\"position\":2,\"name\":\"Teams\",\"item\":\"http:\/\/bringitusa.com\/gc14\/teams\/\"},{\"@type\":\"ListItem\",\"position\":3,\"name\":\"U22 Division\",\"item\":\"http:\/\/bringitusa.com\/gc14\/teams\/u22-division\/\"},{\"@type\":\"ListItem\",\"position\":4,\"name\":\"VASAS \u00d3buda\"}]},{\"@type\":\"WebSite\",\"@id\":\"https:\/\/bringitusa.com\/gc14\/#website\",\"url\":\"https:\/\/bringitusa.com\/gc14\/\",\"name\":\"2014 European Global Challenge\",\"description\":\"Bring It USA, LLC Sites\",\"potentialAction\":[{\"@type\":\"SearchAction\",\"target\":{\"@type\":\"EntryPoint\",\"urlTemplate\":\"https:\/\/bringitusa.com\/gc14\/?s={search_term_string}\"},\"query-input\":{\"@type\":\"PropertyValueSpecification\",\"valueRequired\":true,\"valueName\":\"search_term_string\"}}],\"inLanguage\":\"en-US\"}]}<\/script>\n<!-- \/ Yoast SEO plugin. -->","yoast_head_json":{"title":"VASAS \u00d3buda - 2014 European Global Challenge","robots":{"index":"index","follow":"follow","max-snippet":"max-snippet:-1","max-image-preview":"max-image-preview:large","max-video-preview":"max-video-preview:-1"},"canonical":"https:\/\/bringitusa.com\/gc14\/teams\/u22-division\/vasas-obuda\/","og_locale":"en_US","og_type":"article","og_title":"VASAS \u00d3buda - 2014 European Global Challenge","og_description":"Number Name Position Height Date of Birth Club \u00a02 Zsanett Miklai Spiker 188 cm 1992 Vasas \u00d3buda Lilla Vill\u00e1m Spiker 185 cm 1997 Vasas \u00d3buda \u00a08 Adrienn Szab\u00f3 Spiker 177 cm 1995 Vasas \u00d3buda \u00a09 Evelin Vacsi MB 177 cm 1993 Vasas \u00d3buda Hanna Bodovics MB 188 cm 1996 Vasas \u00d3buda Emese Czettli Setter 170 [...]","og_url":"https:\/\/bringitusa.com\/gc14\/teams\/u22-division\/vasas-obuda\/","og_site_name":"2014 European Global Challenge","article_modified_time":"2014-07-11T07:53:31+00:00","og_image":[{"url":"http:\/\/bringitusa.com\/gc14\/wp-content\/uploads\/sites\/2\/2014\/07\/csapat.jpg-kicsi.jpg","type":"","width":"","height":""}],"twitter_card":"summary_large_image","schema":{"@context":"https:\/\/schema.org","@graph":[{"@type":"WebPage","@id":"https:\/\/bringitusa.com\/gc14\/teams\/u22-division\/vasas-obuda\/","url":"https:\/\/bringitusa.com\/gc14\/teams\/u22-division\/vasas-obuda\/","name":"VASAS \u00d3buda - 2014 European Global Challenge","isPartOf":{"@id":"https:\/\/bringitusa.com\/gc14\/#website"},"primaryImageOfPage":{"@id":"https:\/\/bringitusa.com\/gc14\/teams\/u22-division\/vasas-obuda\/#primaryimage"},"image":{"@id":"https:\/\/bringitusa.com\/gc14\/teams\/u22-division\/vasas-obuda\/#primaryimage"},"thumbnailUrl":"http:\/\/bringitusa.com\/gc14\/wp-content\/uploads\/sites\/2\/2014\/07\/csapat.jpg-kicsi.jpg","datePublished":"2014-07-10T10:20:16+00:00","dateModified":"2014-07-11T07:53:31+00:00","breadcrumb":{"@id":"https:\/\/bringitusa.com\/gc14\/teams\/u22-division\/vasas-obuda\/#breadcrumb"},"inLanguage":"en-US","potentialAction":[{"@type":"ReadAction","target":["https:\/\/bringitusa.com\/gc14\/teams\/u22-division\/vasas-obuda\/"]}]},{"@type":"ImageObject","inLanguage":"en-US","@id":"https:\/\/bringitusa.com\/gc14\/teams\/u22-division\/vasas-obuda\/#primaryimage","url":"https:\/\/bringitusa.com\/gc14\/wp-content\/uploads\/sites\/2\/2014\/07\/csapat.jpg-kicsi.jpg","contentUrl":"https:\/\/bringitusa.com\/gc14\/wp-content\/uploads\/sites\/2\/2014\/07\/csapat.jpg-kicsi.jpg","width":893,"height":578},{"@type":"BreadcrumbList","@id":"https:\/\/bringitusa.com\/gc14\/teams\/u22-division\/vasas-obuda\/#breadcrumb","itemListElement":[{"@type":"ListItem","position":1,"name":"Home","item":"https:\/\/bringitusa.com\/gc14\/"},{"@type":"ListItem","position":2,"name":"Teams","item":"http:\/\/bringitusa.com\/gc14\/teams\/"},{"@type":"ListItem","position":3,"name":"U22 Division","item":"http:\/\/bringitusa.com\/gc14\/teams\/u22-division\/"},{"@type":"ListItem","position":4,"name":"VASAS \u00d3buda"}]},{"@type":"WebSite","@id":"https:\/\/bringitusa.com\/gc14\/#website","url":"https:\/\/bringitusa.com\/gc14\/","name":"2014 European Global Challenge","description":"Bring It USA, LLC Sites","potentialAction":[{"@type":"SearchAction","target":{"@type":"EntryPoint","urlTemplate":"https:\/\/bringitusa.com\/gc14\/?s={search_term_string}"},"query-input":{"@type":"PropertyValueSpecification","valueRequired":true,"valueName":"search_term_string"}}],"inLanguage":"en-US"}]}},"_links":{"self":[{"href":"https:\/\/bringitusa.com\/gc14\/wp-json\/wp\/v2\/pages\/5178","targetHints":{"allow":["GET"]}}],"collection":[{"href":"https:\/\/bringitusa.com\/gc14\/wp-json\/wp\/v2\/pages"}],"about":[{"href":"https:\/\/bringitusa.com\/gc14\/wp-json\/wp\/v2\/types\/page"}],"author":[{"embeddable":true,"href":"https:\/\/bringitusa.com\/gc14\/wp-json\/wp\/v2\/users\/2"}],"replies":[{"embeddable":true,"href":"https:\/\/bringitusa.com\/gc14\/wp-json\/wp\/v2\/comments?post=5178"}],"version-history":[{"count":0,"href":"https:\/\/bringitusa.com\/gc14\/wp-json\/wp\/v2\/pages\/5178\/revisions"}],"up":[{"embeddable":true,"href":"https:\/\/bringitusa.com\/gc14\/wp-json\/wp\/v2\/pages\/4835"}],"wp:attachment":[{"href":"https:\/\/bringitusa.com\/gc14\/wp-json\/wp\/v2\/media?parent=5178"}],"curies":[{"name":"wp","href":"https:\/\/api.w.org\/{rel}","templated":true}]}}