{"id":5744,"date":"2015-07-13T11:09:44","date_gmt":"2015-07-13T09:09:44","guid":{"rendered":"http:\/\/bringitusa.com\/gc15\/?page_id=5744"},"modified":"2015-07-14T10:34:20","modified_gmt":"2015-07-14T08:34:20","slug":"nova-kbm","status":"publish","type":"page","link":"https:\/\/bringitusa.com\/gc15\/nova-kbm\/","title":{"rendered":"Nova KBM Branik Juniors, Slovenia"},"content":{"rendered":"<p><a href=\"http:\/\/bringitusa.com\/gc15\/wp-content\/uploads\/sites\/3\/2015\/07\/MG_4345.jpg\"><img decoding=\"async\" class=\"aligncenter size-full wp-image-5953\" src=\"http:\/\/bringitusa.com\/gc15\/wp-content\/uploads\/sites\/3\/2015\/07\/MG_4345.jpg\" alt=\"_MG_4345\" width=\"640\" height=\"427\" srcset=\"https:\/\/bringitusa.com\/gc15\/wp-content\/uploads\/sites\/3\/2015\/07\/MG_4345-300x200.jpg 300w, https:\/\/bringitusa.com\/gc15\/wp-content\/uploads\/sites\/3\/2015\/07\/MG_4345.jpg 640w\" sizes=\"(max-width: 640px) 100vw, 640px\" \/><\/a><\/p>\n<table width=\"801\">\n<tbody>\n<tr>\n<td width=\"347\"><strong>Name<\/strong><\/td>\n<td width=\"142\"><strong>Position<\/strong><\/td>\n<td width=\"180\"><strong>Height<\/strong><\/td>\n<td width=\"132\"><strong>Year of Birth<\/strong><\/td>\n<\/tr>\n<tr>\n<td width=\"347\">Nika \u00a0BLAGNE<\/td>\n<td width=\"142\">Outside<\/td>\n<td width=\"180\">185<\/td>\n<td width=\"132\">1994<\/td>\n<\/tr>\n<tr>\n<td width=\"347\">Marina \u00a0KAU\u010cI\u010c<\/td>\n<td width=\"142\">Middle<\/td>\n<td width=\"180\">181<\/td>\n<td width=\"132\">1993<\/td>\n<\/tr>\n<tr>\n<td width=\"347\">Karmina\u00a0 SU\u017dNIK<\/td>\n<td width=\"142\">Libero<\/td>\n<td width=\"180\">172<\/td>\n<td width=\"132\">1996<\/td>\n<\/tr>\n<tr>\n<td width=\"347\">Katja \u010cEPLAK<\/td>\n<td width=\"142\">Outside<\/td>\n<td width=\"180\">182<\/td>\n<td width=\"132\">1997<\/td>\n<\/tr>\n<tr>\n<td width=\"347\">Sara NAJDI\u010c<\/td>\n<td width=\"142\">Setter<\/td>\n<td width=\"180\">169<\/td>\n<td width=\"132\">1994<\/td>\n<\/tr>\n<tr>\n<td width=\"347\">MajaKO\u0160ENINA<\/td>\n<td width=\"142\">Outside<\/td>\n<td width=\"180\">182<\/td>\n<td width=\"132\">1998<\/td>\n<\/tr>\n<tr>\n<td width=\"347\">Sa\u0161a PLANIN\u0160EC<\/td>\n<td width=\"142\">Middle<\/td>\n<td width=\"180\">181<\/td>\n<td width=\"132\">1995<\/td>\n<\/tr>\n<tr>\n<td width=\"347\">Anita SOBO\u010cAN<\/td>\n<td width=\"142\">Outside<\/td>\n<td width=\"180\">174<\/td>\n<td width=\"132\">1997<\/td>\n<\/tr>\n<tr>\n<td width=\"347\">Ela PINTAR<\/td>\n<td width=\"142\">Middle<\/td>\n<td width=\"180\">183<\/td>\n<td width=\"132\">1996<\/td>\n<\/tr>\n<tr>\n<td width=\"347\">Darja ER\u017dEN<\/td>\n<td width=\"142\">Opposite<\/td>\n<td width=\"180\">190<\/td>\n<td width=\"132\">1997<\/td>\n<\/tr>\n<tr>\n<td width=\"347\">Tonka PU\u010cNIK<\/td>\n<td width=\"142\">Setter<\/td>\n<td width=\"180\">178<\/td>\n<td width=\"132\">2000<\/td>\n<\/tr>\n<tr>\n<td width=\"347\">Alja JERALA<\/td>\n<td width=\"142\">Outside<\/td>\n<td width=\"180\">180<\/td>\n<td width=\"132\">2000<\/td>\n<\/tr>\n<tr>\n<td width=\"347\">Mitja KO\u017dELJ<\/td>\n<td colspan=\"2\" width=\"321\">Coach<\/td>\n<td width=\"132\"><\/td>\n<\/tr>\n<tr>\n<td width=\"347\">Mihela PLANIN\u0160EC<\/td>\n<td colspan=\"2\" width=\"321\">Coach<\/td>\n<td width=\"132\"><\/td>\n<\/tr>\n<\/tbody>\n<\/table>\n","protected":false},"excerpt":{"rendered":"<p>Name Position Height Year of Birth Nika \u00a0BLAGNE Outside 185 1994 Marina \u00a0KAU\u010cI\u010c Middle 181 1993 Karmina\u00a0 SU\u017dNIK Libero 172 1996 Katja \u010cEPLAK Outside 182 1997 Sara NAJDI\u010c Setter 169 1994 MajaKO\u0160ENINA Outside 182 1998 Sa\u0161a PLANIN\u0160EC Middle 181 1995 Anita SOBO\u010cAN Outside 174 1997 Ela PINTAR Middle 183 1996 Darja ER\u017dEN Opposite 190 1997  [&#8230;]<\/p>\n","protected":false},"author":2,"featured_media":0,"parent":0,"menu_order":0,"comment_status":"open","ping_status":"open","template":"","meta":{"footnotes":""},"class_list":["post-5744","page","type-page","status-publish","hentry"],"yoast_head":"<!-- This site is optimized with the Yoast SEO plugin v27.6 - https:\/\/yoast.com\/product\/yoast-seo-wordpress\/ -->\n<title>Nova KBM Branik Juniors, Slovenia - 2015 European Global Challnege<\/title>\n<meta name=\"robots\" content=\"index, follow, max-snippet:-1, max-image-preview:large, max-video-preview:-1\" \/>\n<link rel=\"canonical\" href=\"https:\/\/bringitusa.com\/gc15\/nova-kbm\/\" \/>\n<meta property=\"og:locale\" content=\"en_US\" \/>\n<meta property=\"og:type\" content=\"article\" \/>\n<meta property=\"og:title\" content=\"Nova KBM Branik Juniors, Slovenia - 2015 European Global Challnege\" \/>\n<meta property=\"og:description\" content=\"Name Position Height Year of Birth Nika \u00a0BLAGNE Outside 185 1994 Marina \u00a0KAU\u010cI\u010c Middle 181 1993 Karmina\u00a0 SU\u017dNIK Libero 172 1996 Katja \u010cEPLAK Outside 182 1997 Sara NAJDI\u010c Setter 169 1994 MajaKO\u0160ENINA Outside 182 1998 Sa\u0161a PLANIN\u0160EC Middle 181 1995 Anita SOBO\u010cAN Outside 174 1997 Ela PINTAR Middle 183 1996 Darja ER\u017dEN Opposite 190 1997 [...]\" \/>\n<meta property=\"og:url\" content=\"https:\/\/bringitusa.com\/gc15\/nova-kbm\/\" \/>\n<meta property=\"og:site_name\" content=\"2015 European Global Challnege\" \/>\n<meta property=\"article:modified_time\" content=\"2015-07-14T08:34:20+00:00\" \/>\n<meta property=\"og:image\" content=\"http:\/\/bringitusa.com\/gc15\/wp-content\/uploads\/sites\/3\/2015\/07\/MG_4345.jpg\" \/>\n<meta name=\"twitter:card\" content=\"summary_large_image\" \/>\n<script type=\"application\/ld+json\" class=\"yoast-schema-graph\">{\"@context\":\"https:\\\/\\\/schema.org\",\"@graph\":[{\"@type\":\"WebPage\",\"@id\":\"https:\\\/\\\/bringitusa.com\\\/gc15\\\/nova-kbm\\\/\",\"url\":\"https:\\\/\\\/bringitusa.com\\\/gc15\\\/nova-kbm\\\/\",\"name\":\"Nova KBM Branik Juniors, Slovenia - 2015 European Global Challnege\",\"isPartOf\":{\"@id\":\"https:\\\/\\\/bringitusa.com\\\/gc15\\\/#website\"},\"primaryImageOfPage\":{\"@id\":\"https:\\\/\\\/bringitusa.com\\\/gc15\\\/nova-kbm\\\/#primaryimage\"},\"image\":{\"@id\":\"https:\\\/\\\/bringitusa.com\\\/gc15\\\/nova-kbm\\\/#primaryimage\"},\"thumbnailUrl\":\"http:\\\/\\\/bringitusa.com\\\/gc15\\\/wp-content\\\/uploads\\\/sites\\\/3\\\/2015\\\/07\\\/MG_4345.jpg\",\"datePublished\":\"2015-07-13T09:09:44+00:00\",\"dateModified\":\"2015-07-14T08:34:20+00:00\",\"breadcrumb\":{\"@id\":\"https:\\\/\\\/bringitusa.com\\\/gc15\\\/nova-kbm\\\/#breadcrumb\"},\"inLanguage\":\"en-US\",\"potentialAction\":[{\"@type\":\"ReadAction\",\"target\":[\"https:\\\/\\\/bringitusa.com\\\/gc15\\\/nova-kbm\\\/\"]}]},{\"@type\":\"ImageObject\",\"inLanguage\":\"en-US\",\"@id\":\"https:\\\/\\\/bringitusa.com\\\/gc15\\\/nova-kbm\\\/#primaryimage\",\"url\":\"https:\\\/\\\/bringitusa.com\\\/gc15\\\/wp-content\\\/uploads\\\/sites\\\/3\\\/2015\\\/07\\\/MG_4345.jpg\",\"contentUrl\":\"https:\\\/\\\/bringitusa.com\\\/gc15\\\/wp-content\\\/uploads\\\/sites\\\/3\\\/2015\\\/07\\\/MG_4345.jpg\",\"width\":640,\"height\":427},{\"@type\":\"BreadcrumbList\",\"@id\":\"https:\\\/\\\/bringitusa.com\\\/gc15\\\/nova-kbm\\\/#breadcrumb\",\"itemListElement\":[{\"@type\":\"ListItem\",\"position\":1,\"name\":\"Home\",\"item\":\"https:\\\/\\\/bringitusa.com\\\/gc15\\\/\"},{\"@type\":\"ListItem\",\"position\":2,\"name\":\"Nova KBM Branik Juniors, Slovenia\"}]},{\"@type\":\"WebSite\",\"@id\":\"https:\\\/\\\/bringitusa.com\\\/gc15\\\/#website\",\"url\":\"https:\\\/\\\/bringitusa.com\\\/gc15\\\/\",\"name\":\"2015 European Global Challnege\",\"description\":\"Bring It USA, LLC\",\"potentialAction\":[{\"@type\":\"SearchAction\",\"target\":{\"@type\":\"EntryPoint\",\"urlTemplate\":\"https:\\\/\\\/bringitusa.com\\\/gc15\\\/?s={search_term_string}\"},\"query-input\":{\"@type\":\"PropertyValueSpecification\",\"valueRequired\":true,\"valueName\":\"search_term_string\"}}],\"inLanguage\":\"en-US\"}]}<\/script>\n<!-- \/ Yoast SEO plugin. -->","yoast_head_json":{"title":"Nova KBM Branik Juniors, Slovenia - 2015 European Global Challnege","robots":{"index":"index","follow":"follow","max-snippet":"max-snippet:-1","max-image-preview":"max-image-preview:large","max-video-preview":"max-video-preview:-1"},"canonical":"https:\/\/bringitusa.com\/gc15\/nova-kbm\/","og_locale":"en_US","og_type":"article","og_title":"Nova KBM Branik Juniors, Slovenia - 2015 European Global Challnege","og_description":"Name Position Height Year of Birth Nika \u00a0BLAGNE Outside 185 1994 Marina \u00a0KAU\u010cI\u010c Middle 181 1993 Karmina\u00a0 SU\u017dNIK Libero 172 1996 Katja \u010cEPLAK Outside 182 1997 Sara NAJDI\u010c Setter 169 1994 MajaKO\u0160ENINA Outside 182 1998 Sa\u0161a PLANIN\u0160EC Middle 181 1995 Anita SOBO\u010cAN Outside 174 1997 Ela PINTAR Middle 183 1996 Darja ER\u017dEN Opposite 190 1997 [...]","og_url":"https:\/\/bringitusa.com\/gc15\/nova-kbm\/","og_site_name":"2015 European Global Challnege","article_modified_time":"2015-07-14T08:34:20+00:00","og_image":[{"url":"http:\/\/bringitusa.com\/gc15\/wp-content\/uploads\/sites\/3\/2015\/07\/MG_4345.jpg","type":"","width":"","height":""}],"twitter_card":"summary_large_image","schema":{"@context":"https:\/\/schema.org","@graph":[{"@type":"WebPage","@id":"https:\/\/bringitusa.com\/gc15\/nova-kbm\/","url":"https:\/\/bringitusa.com\/gc15\/nova-kbm\/","name":"Nova KBM Branik Juniors, Slovenia - 2015 European Global Challnege","isPartOf":{"@id":"https:\/\/bringitusa.com\/gc15\/#website"},"primaryImageOfPage":{"@id":"https:\/\/bringitusa.com\/gc15\/nova-kbm\/#primaryimage"},"image":{"@id":"https:\/\/bringitusa.com\/gc15\/nova-kbm\/#primaryimage"},"thumbnailUrl":"http:\/\/bringitusa.com\/gc15\/wp-content\/uploads\/sites\/3\/2015\/07\/MG_4345.jpg","datePublished":"2015-07-13T09:09:44+00:00","dateModified":"2015-07-14T08:34:20+00:00","breadcrumb":{"@id":"https:\/\/bringitusa.com\/gc15\/nova-kbm\/#breadcrumb"},"inLanguage":"en-US","potentialAction":[{"@type":"ReadAction","target":["https:\/\/bringitusa.com\/gc15\/nova-kbm\/"]}]},{"@type":"ImageObject","inLanguage":"en-US","@id":"https:\/\/bringitusa.com\/gc15\/nova-kbm\/#primaryimage","url":"https:\/\/bringitusa.com\/gc15\/wp-content\/uploads\/sites\/3\/2015\/07\/MG_4345.jpg","contentUrl":"https:\/\/bringitusa.com\/gc15\/wp-content\/uploads\/sites\/3\/2015\/07\/MG_4345.jpg","width":640,"height":427},{"@type":"BreadcrumbList","@id":"https:\/\/bringitusa.com\/gc15\/nova-kbm\/#breadcrumb","itemListElement":[{"@type":"ListItem","position":1,"name":"Home","item":"https:\/\/bringitusa.com\/gc15\/"},{"@type":"ListItem","position":2,"name":"Nova KBM Branik Juniors, Slovenia"}]},{"@type":"WebSite","@id":"https:\/\/bringitusa.com\/gc15\/#website","url":"https:\/\/bringitusa.com\/gc15\/","name":"2015 European Global Challnege","description":"Bring It USA, LLC","potentialAction":[{"@type":"SearchAction","target":{"@type":"EntryPoint","urlTemplate":"https:\/\/bringitusa.com\/gc15\/?s={search_term_string}"},"query-input":{"@type":"PropertyValueSpecification","valueRequired":true,"valueName":"search_term_string"}}],"inLanguage":"en-US"}]}},"_links":{"self":[{"href":"https:\/\/bringitusa.com\/gc15\/wp-json\/wp\/v2\/pages\/5744","targetHints":{"allow":["GET"]}}],"collection":[{"href":"https:\/\/bringitusa.com\/gc15\/wp-json\/wp\/v2\/pages"}],"about":[{"href":"https:\/\/bringitusa.com\/gc15\/wp-json\/wp\/v2\/types\/page"}],"author":[{"embeddable":true,"href":"https:\/\/bringitusa.com\/gc15\/wp-json\/wp\/v2\/users\/2"}],"replies":[{"embeddable":true,"href":"https:\/\/bringitusa.com\/gc15\/wp-json\/wp\/v2\/comments?post=5744"}],"version-history":[{"count":0,"href":"https:\/\/bringitusa.com\/gc15\/wp-json\/wp\/v2\/pages\/5744\/revisions"}],"wp:attachment":[{"href":"https:\/\/bringitusa.com\/gc15\/wp-json\/wp\/v2\/media?parent=5744"}],"curies":[{"name":"wp","href":"https:\/\/api.w.org\/{rel}","templated":true}]}}