{"id":5755,"date":"2015-07-13T12:58:41","date_gmt":"2015-07-13T10:58:41","guid":{"rendered":"http:\/\/bringitusa.com\/gc15\/?page_id=5755"},"modified":"2015-07-14T10:20:17","modified_gmt":"2015-07-14T08:20:17","slug":"hun-a","status":"publish","type":"page","link":"https:\/\/bringitusa.com\/gc15\/hun-a\/","title":{"rendered":"Hungary Junior A National Team ( U19)"},"content":{"rendered":"<p><a href=\"http:\/\/bringitusa.com\/gc15\/wp-content\/uploads\/sites\/3\/2015\/07\/IMG_5104.jpg\"><img decoding=\"async\" class=\"aligncenter size-full wp-image-6216\" src=\"http:\/\/bringitusa.com\/gc15\/wp-content\/uploads\/sites\/3\/2015\/07\/IMG_5104.jpg\" alt=\"IMG_5104\" width=\"640\" height=\"427\" srcset=\"https:\/\/bringitusa.com\/gc15\/wp-content\/uploads\/sites\/3\/2015\/07\/IMG_5104-300x200.jpg 300w, https:\/\/bringitusa.com\/gc15\/wp-content\/uploads\/sites\/3\/2015\/07\/IMG_5104.jpg 640w\" sizes=\"(max-width: 640px) 100vw, 640px\" \/><\/a><\/p>\n<table width=\"933\">\n<tbody>\n<tr>\n<td width=\"206\"><strong>Name<\/strong><\/td>\n<td width=\"204\"><strong>Position<\/strong><\/td>\n<td width=\"180\"><strong>Height<\/strong><\/td>\n<td width=\"132\"><strong>Year of Birth<\/strong><\/td>\n<td width=\"132\"><strong>Club<\/strong><\/td>\n<\/tr>\n<tr>\n<td width=\"206\">Kata T\u00d6R\u00d6K<\/td>\n<td width=\"204\">Outside<\/td>\n<td width=\"180\">182<\/td>\n<td width=\"132\">1998<\/td>\n<td width=\"132\">TFSE-KRA<\/td>\n<\/tr>\n<tr>\n<td width=\"206\">Gr\u00e9ta KISS<\/td>\n<td width=\"204\">Outside<\/td>\n<td width=\"180\">181<\/td>\n<td width=\"132\">1998<\/td>\n<td width=\"132\">R\u00f6pke SE<\/td>\n<\/tr>\n<tr>\n<td width=\"206\">Dalma JUH\u00c1R<\/td>\n<td width=\"204\">Libero<\/td>\n<td width=\"180\">172<\/td>\n<td width=\"132\">1999<\/td>\n<td width=\"132\">Vasas \u00d3buda<\/td>\n<\/tr>\n<tr>\n<td width=\"206\">Zs\u00f3fia KALOTAI<\/td>\n<td width=\"204\">Middle<\/td>\n<td width=\"180\">191<\/td>\n<td width=\"132\">1998<\/td>\n<td width=\"132\">G\u00f6d\u00f6ll\u0151i RC<\/td>\n<\/tr>\n<tr>\n<td width=\"206\">Eszter V\u00c9N<\/td>\n<td width=\"204\">Middle<\/td>\n<td width=\"180\">176<\/td>\n<td width=\"132\">1998<\/td>\n<td width=\"132\">Ny\u00edrsuli<\/td>\n<\/tr>\n<tr>\n<td width=\"206\">Anna DURST<\/td>\n<td width=\"204\">Setter<\/td>\n<td width=\"180\">178<\/td>\n<td width=\"132\">1998<\/td>\n<td width=\"132\">Vasas \u00d3buda<\/td>\n<\/tr>\n<tr>\n<td width=\"206\">Marija CICIC<\/td>\n<td width=\"204\">Opposite<\/td>\n<td width=\"180\">181<\/td>\n<td width=\"132\">1999<\/td>\n<td width=\"132\">TFSE-KRA<\/td>\n<\/tr>\n<tr>\n<td width=\"206\">Anett N\u00c9METH<\/td>\n<td width=\"204\">Opposite<\/td>\n<td width=\"180\">185<\/td>\n<td width=\"132\">1999<\/td>\n<td width=\"132\">Vasas \u00d3buda<\/td>\n<\/tr>\n<tr>\n<td width=\"206\"><\/td>\n<td width=\"204\"><\/td>\n<td width=\"180\"><\/td>\n<td width=\"132\"><\/td>\n<td width=\"132\"><\/td>\n<\/tr>\n<tr>\n<td width=\"206\">Andr\u00e1s HORV\u00c1TH<\/td>\n<td colspan=\"2\" width=\"463\">Coach<\/td>\n<td width=\"132\"><\/td>\n<td width=\"132\"><\/td>\n<\/tr>\n<tr>\n<td width=\"206\"><strong>\u00a0<\/strong><\/td>\n<td colspan=\"2\" width=\"463\"><\/td>\n<td width=\"132\"><\/td>\n<td width=\"132\"><\/td>\n<\/tr>\n<\/tbody>\n<\/table>\n","protected":false},"excerpt":{"rendered":"<p>Name Position Height Year of Birth Club Kata T\u00d6R\u00d6K Outside 182 1998 TFSE-KRA Gr\u00e9ta KISS Outside 181 1998 R\u00f6pke SE Dalma JUH\u00c1R Libero 172 1999 Vasas \u00d3buda Zs\u00f3fia KALOTAI Middle 191 1998 G\u00f6d\u00f6ll\u0151i RC Eszter V\u00c9N Middle 176 1998 Ny\u00edrsuli Anna DURST Setter 178 1998 Vasas \u00d3buda Marija CICIC Opposite 181 1999 TFSE-KRA Anett N\u00c9METH  [&#8230;]<\/p>\n","protected":false},"author":2,"featured_media":0,"parent":0,"menu_order":0,"comment_status":"open","ping_status":"open","template":"","meta":{"footnotes":""},"class_list":["post-5755","page","type-page","status-publish","hentry"],"yoast_head":"<!-- This site is optimized with the Yoast SEO plugin v27.4 - https:\/\/yoast.com\/product\/yoast-seo-wordpress\/ -->\n<title>Hungary Junior A National Team ( U19) - 2015 European Global Challnege<\/title>\n<meta name=\"robots\" content=\"index, follow, max-snippet:-1, max-image-preview:large, max-video-preview:-1\" \/>\n<link rel=\"canonical\" href=\"https:\/\/bringitusa.com\/gc15\/hun-a\/\" \/>\n<meta property=\"og:locale\" content=\"en_US\" \/>\n<meta property=\"og:type\" content=\"article\" \/>\n<meta property=\"og:title\" content=\"Hungary Junior A National Team ( U19) - 2015 European Global Challnege\" \/>\n<meta property=\"og:description\" content=\"Name Position Height Year of Birth Club Kata T\u00d6R\u00d6K Outside 182 1998 TFSE-KRA Gr\u00e9ta KISS Outside 181 1998 R\u00f6pke SE Dalma JUH\u00c1R Libero 172 1999 Vasas \u00d3buda Zs\u00f3fia KALOTAI Middle 191 1998 G\u00f6d\u00f6ll\u0151i RC Eszter V\u00c9N Middle 176 1998 Ny\u00edrsuli Anna DURST Setter 178 1998 Vasas \u00d3buda Marija CICIC Opposite 181 1999 TFSE-KRA Anett N\u00c9METH [...]\" \/>\n<meta property=\"og:url\" content=\"https:\/\/bringitusa.com\/gc15\/hun-a\/\" \/>\n<meta property=\"og:site_name\" content=\"2015 European Global Challnege\" \/>\n<meta property=\"article:modified_time\" content=\"2015-07-14T08:20:17+00:00\" \/>\n<meta property=\"og:image\" content=\"http:\/\/bringitusa.com\/gc15\/wp-content\/uploads\/sites\/3\/2015\/07\/IMG_5104.jpg\" \/>\n<meta name=\"twitter:card\" content=\"summary_large_image\" \/>\n<script type=\"application\/ld+json\" class=\"yoast-schema-graph\">{\"@context\":\"https:\\\/\\\/schema.org\",\"@graph\":[{\"@type\":\"WebPage\",\"@id\":\"https:\\\/\\\/bringitusa.com\\\/gc15\\\/hun-a\\\/\",\"url\":\"https:\\\/\\\/bringitusa.com\\\/gc15\\\/hun-a\\\/\",\"name\":\"Hungary Junior A National Team ( U19) - 2015 European Global Challnege\",\"isPartOf\":{\"@id\":\"https:\\\/\\\/bringitusa.com\\\/gc15\\\/#website\"},\"primaryImageOfPage\":{\"@id\":\"https:\\\/\\\/bringitusa.com\\\/gc15\\\/hun-a\\\/#primaryimage\"},\"image\":{\"@id\":\"https:\\\/\\\/bringitusa.com\\\/gc15\\\/hun-a\\\/#primaryimage\"},\"thumbnailUrl\":\"http:\\\/\\\/bringitusa.com\\\/gc15\\\/wp-content\\\/uploads\\\/sites\\\/3\\\/2015\\\/07\\\/IMG_5104.jpg\",\"datePublished\":\"2015-07-13T10:58:41+00:00\",\"dateModified\":\"2015-07-14T08:20:17+00:00\",\"breadcrumb\":{\"@id\":\"https:\\\/\\\/bringitusa.com\\\/gc15\\\/hun-a\\\/#breadcrumb\"},\"inLanguage\":\"en-US\",\"potentialAction\":[{\"@type\":\"ReadAction\",\"target\":[\"https:\\\/\\\/bringitusa.com\\\/gc15\\\/hun-a\\\/\"]}]},{\"@type\":\"ImageObject\",\"inLanguage\":\"en-US\",\"@id\":\"https:\\\/\\\/bringitusa.com\\\/gc15\\\/hun-a\\\/#primaryimage\",\"url\":\"https:\\\/\\\/bringitusa.com\\\/gc15\\\/wp-content\\\/uploads\\\/sites\\\/3\\\/2015\\\/07\\\/IMG_5104.jpg\",\"contentUrl\":\"https:\\\/\\\/bringitusa.com\\\/gc15\\\/wp-content\\\/uploads\\\/sites\\\/3\\\/2015\\\/07\\\/IMG_5104.jpg\",\"width\":640,\"height\":427},{\"@type\":\"BreadcrumbList\",\"@id\":\"https:\\\/\\\/bringitusa.com\\\/gc15\\\/hun-a\\\/#breadcrumb\",\"itemListElement\":[{\"@type\":\"ListItem\",\"position\":1,\"name\":\"Home\",\"item\":\"https:\\\/\\\/bringitusa.com\\\/gc15\\\/\"},{\"@type\":\"ListItem\",\"position\":2,\"name\":\"Hungary Junior A National Team ( U19)\"}]},{\"@type\":\"WebSite\",\"@id\":\"https:\\\/\\\/bringitusa.com\\\/gc15\\\/#website\",\"url\":\"https:\\\/\\\/bringitusa.com\\\/gc15\\\/\",\"name\":\"2015 European Global Challnege\",\"description\":\"Bring It USA, LLC\",\"potentialAction\":[{\"@type\":\"SearchAction\",\"target\":{\"@type\":\"EntryPoint\",\"urlTemplate\":\"https:\\\/\\\/bringitusa.com\\\/gc15\\\/?s={search_term_string}\"},\"query-input\":{\"@type\":\"PropertyValueSpecification\",\"valueRequired\":true,\"valueName\":\"search_term_string\"}}],\"inLanguage\":\"en-US\"}]}<\/script>\n<!-- \/ Yoast SEO plugin. -->","yoast_head_json":{"title":"Hungary Junior A National Team ( U19) - 2015 European Global Challnege","robots":{"index":"index","follow":"follow","max-snippet":"max-snippet:-1","max-image-preview":"max-image-preview:large","max-video-preview":"max-video-preview:-1"},"canonical":"https:\/\/bringitusa.com\/gc15\/hun-a\/","og_locale":"en_US","og_type":"article","og_title":"Hungary Junior A National Team ( U19) - 2015 European Global Challnege","og_description":"Name Position Height Year of Birth Club Kata T\u00d6R\u00d6K Outside 182 1998 TFSE-KRA Gr\u00e9ta KISS Outside 181 1998 R\u00f6pke SE Dalma JUH\u00c1R Libero 172 1999 Vasas \u00d3buda Zs\u00f3fia KALOTAI Middle 191 1998 G\u00f6d\u00f6ll\u0151i RC Eszter V\u00c9N Middle 176 1998 Ny\u00edrsuli Anna DURST Setter 178 1998 Vasas \u00d3buda Marija CICIC Opposite 181 1999 TFSE-KRA Anett N\u00c9METH [...]","og_url":"https:\/\/bringitusa.com\/gc15\/hun-a\/","og_site_name":"2015 European Global Challnege","article_modified_time":"2015-07-14T08:20:17+00:00","og_image":[{"url":"http:\/\/bringitusa.com\/gc15\/wp-content\/uploads\/sites\/3\/2015\/07\/IMG_5104.jpg","type":"","width":"","height":""}],"twitter_card":"summary_large_image","schema":{"@context":"https:\/\/schema.org","@graph":[{"@type":"WebPage","@id":"https:\/\/bringitusa.com\/gc15\/hun-a\/","url":"https:\/\/bringitusa.com\/gc15\/hun-a\/","name":"Hungary Junior A National Team ( U19) - 2015 European Global Challnege","isPartOf":{"@id":"https:\/\/bringitusa.com\/gc15\/#website"},"primaryImageOfPage":{"@id":"https:\/\/bringitusa.com\/gc15\/hun-a\/#primaryimage"},"image":{"@id":"https:\/\/bringitusa.com\/gc15\/hun-a\/#primaryimage"},"thumbnailUrl":"http:\/\/bringitusa.com\/gc15\/wp-content\/uploads\/sites\/3\/2015\/07\/IMG_5104.jpg","datePublished":"2015-07-13T10:58:41+00:00","dateModified":"2015-07-14T08:20:17+00:00","breadcrumb":{"@id":"https:\/\/bringitusa.com\/gc15\/hun-a\/#breadcrumb"},"inLanguage":"en-US","potentialAction":[{"@type":"ReadAction","target":["https:\/\/bringitusa.com\/gc15\/hun-a\/"]}]},{"@type":"ImageObject","inLanguage":"en-US","@id":"https:\/\/bringitusa.com\/gc15\/hun-a\/#primaryimage","url":"https:\/\/bringitusa.com\/gc15\/wp-content\/uploads\/sites\/3\/2015\/07\/IMG_5104.jpg","contentUrl":"https:\/\/bringitusa.com\/gc15\/wp-content\/uploads\/sites\/3\/2015\/07\/IMG_5104.jpg","width":640,"height":427},{"@type":"BreadcrumbList","@id":"https:\/\/bringitusa.com\/gc15\/hun-a\/#breadcrumb","itemListElement":[{"@type":"ListItem","position":1,"name":"Home","item":"https:\/\/bringitusa.com\/gc15\/"},{"@type":"ListItem","position":2,"name":"Hungary Junior A National Team ( U19)"}]},{"@type":"WebSite","@id":"https:\/\/bringitusa.com\/gc15\/#website","url":"https:\/\/bringitusa.com\/gc15\/","name":"2015 European Global Challnege","description":"Bring It USA, LLC","potentialAction":[{"@type":"SearchAction","target":{"@type":"EntryPoint","urlTemplate":"https:\/\/bringitusa.com\/gc15\/?s={search_term_string}"},"query-input":{"@type":"PropertyValueSpecification","valueRequired":true,"valueName":"search_term_string"}}],"inLanguage":"en-US"}]}},"_links":{"self":[{"href":"https:\/\/bringitusa.com\/gc15\/wp-json\/wp\/v2\/pages\/5755","targetHints":{"allow":["GET"]}}],"collection":[{"href":"https:\/\/bringitusa.com\/gc15\/wp-json\/wp\/v2\/pages"}],"about":[{"href":"https:\/\/bringitusa.com\/gc15\/wp-json\/wp\/v2\/types\/page"}],"author":[{"embeddable":true,"href":"https:\/\/bringitusa.com\/gc15\/wp-json\/wp\/v2\/users\/2"}],"replies":[{"embeddable":true,"href":"https:\/\/bringitusa.com\/gc15\/wp-json\/wp\/v2\/comments?post=5755"}],"version-history":[{"count":0,"href":"https:\/\/bringitusa.com\/gc15\/wp-json\/wp\/v2\/pages\/5755\/revisions"}],"wp:attachment":[{"href":"https:\/\/bringitusa.com\/gc15\/wp-json\/wp\/v2\/media?parent=5755"}],"curies":[{"name":"wp","href":"https:\/\/api.w.org\/{rel}","templated":true}]}}