{"id":143,"date":"2016-07-09T07:05:56","date_gmt":"2016-07-09T07:05:56","guid":{"rendered":"http:\/\/bringitusa.com\/gc2016\/?page_id=143"},"modified":"2016-07-12T10:47:10","modified_gmt":"2016-07-12T10:47:10","slug":"nkbm-u22","status":"publish","type":"page","link":"https:\/\/bringitusa.com\/gc2016\/teams\/u22-division\/nkbm-u22\/","title":{"rendered":"NKBM U22"},"content":{"rendered":"<p><img decoding=\"async\" class=\"aligncenter size-full wp-image-183\" src=\"http:\/\/bringitusa.com\/gc2016\/wp-content\/uploads\/sites\/5\/2016\/07\/NKBM.jpg\" alt=\"NKBM\" width=\"1100\" height=\"733\" srcset=\"https:\/\/bringitusa.com\/gc2016\/wp-content\/uploads\/sites\/5\/2016\/07\/NKBM-200x133.jpg 200w, https:\/\/bringitusa.com\/gc2016\/wp-content\/uploads\/sites\/5\/2016\/07\/NKBM-300x200.jpg 300w, https:\/\/bringitusa.com\/gc2016\/wp-content\/uploads\/sites\/5\/2016\/07\/NKBM-400x267.jpg 400w, https:\/\/bringitusa.com\/gc2016\/wp-content\/uploads\/sites\/5\/2016\/07\/NKBM-600x400.jpg 600w, https:\/\/bringitusa.com\/gc2016\/wp-content\/uploads\/sites\/5\/2016\/07\/NKBM-768x512.jpg 768w, https:\/\/bringitusa.com\/gc2016\/wp-content\/uploads\/sites\/5\/2016\/07\/NKBM-800x533.jpg 800w, https:\/\/bringitusa.com\/gc2016\/wp-content\/uploads\/sites\/5\/2016\/07\/NKBM-1024x682.jpg 1024w, https:\/\/bringitusa.com\/gc2016\/wp-content\/uploads\/sites\/5\/2016\/07\/NKBM.jpg 1100w\" sizes=\"(max-width: 1100px) 100vw, 1100px\" \/><\/p>\n<table width=\"1134\">\n<tbody>\n<tr>\n<td width=\"151\"><strong>JERSEY NUMBER<\/strong><\/td>\n<td width=\"227\"><strong>NAME<\/strong><\/td>\n<td width=\"151\"><strong>POSITION<\/strong><\/td>\n<td width=\"151\"><strong>HEIGHT<\/strong><\/td>\n<td width=\"151\"><strong>YEAR OF BIRTH<\/strong><\/td>\n<td width=\"302\"><strong>CLUB<\/strong><\/td>\n<\/tr>\n<tr>\n<td width=\"151\">1<\/td>\n<td width=\"227\">Alja Jerala<\/td>\n<td width=\"151\">Outside<\/td>\n<td width=\"151\">181 cm<\/td>\n<td width=\"151\">2000<\/td>\n<td width=\"302\">Nova KBM Branik<\/td>\n<\/tr>\n<tr>\n<td width=\"151\">2<\/td>\n<td width=\"227\">Nika Blagne<\/td>\n<td width=\"151\">Outside<\/td>\n<td width=\"151\">184 cm<\/td>\n<td width=\"151\">1994<\/td>\n<td width=\"302\">Nova KBM Branik<\/td>\n<\/tr>\n<tr>\n<td width=\"151\">4<\/td>\n<td width=\"227\">Marina Kau\u010di\u010d<\/td>\n<td width=\"151\">Middle<\/td>\n<td width=\"151\">186 cm<\/td>\n<td width=\"151\">1993<\/td>\n<td width=\"302\">Nova KBM Branik<\/td>\n<\/tr>\n<tr>\n<td width=\"151\">5<\/td>\n<td width=\"227\">Karmina Su\u017enik<\/td>\n<td width=\"151\">Libero<\/td>\n<td width=\"151\">172 cm<\/td>\n<td width=\"151\">1996<\/td>\n<td width=\"302\">Nova KBM Branik<\/td>\n<\/tr>\n<tr>\n<td width=\"151\">9<\/td>\n<td width=\"227\">Ana Marija Vovk<\/td>\n<td width=\"151\">Outside<\/td>\n<td width=\"151\">182 cm<\/td>\n<td width=\"151\">1998<\/td>\n<td width=\"302\">Nova KBM Branik<\/td>\n<\/tr>\n<tr>\n<td width=\"151\">10<\/td>\n<td width=\"227\">Sara Najdi\u010d<\/td>\n<td width=\"151\">Setter<\/td>\n<td width=\"151\">171 cm<\/td>\n<td width=\"151\">1994<\/td>\n<td width=\"302\">Nova KBM Branik<\/td>\n<\/tr>\n<tr>\n<td width=\"151\">11<\/td>\n<td width=\"227\">Ana Pehnec<\/td>\n<td width=\"151\">Setter<\/td>\n<td width=\"151\">175 cm<\/td>\n<td width=\"151\">1993<\/td>\n<td width=\"302\">Nova KBM Branik<\/td>\n<\/tr>\n<tr>\n<td width=\"151\">12<\/td>\n<td width=\"227\">Sa\u0161a Planin\u0161ec<\/td>\n<td width=\"151\">Middle<\/td>\n<td width=\"151\">182 cm<\/td>\n<td width=\"151\">1995<\/td>\n<td width=\"302\">Nova KBM Branik<\/td>\n<\/tr>\n<tr>\n<td width=\"151\">13<\/td>\n<td width=\"227\">Anita Sobo\u010dan<\/td>\n<td width=\"151\">Outside<\/td>\n<td width=\"151\">177 cm<\/td>\n<td width=\"151\">1997<\/td>\n<td width=\"302\">Nova KBM Branik<\/td>\n<\/tr>\n<tr>\n<td width=\"151\">15<\/td>\n<td width=\"227\">Ela Pintar<\/td>\n<td width=\"151\">Middle<\/td>\n<td width=\"151\">182 cm<\/td>\n<td width=\"151\">1996<\/td>\n<td width=\"302\">Nova KBM Branik<\/td>\n<\/tr>\n<tr>\n<td width=\"151\">16<\/td>\n<td width=\"227\">Darja Er\u017een<\/td>\n<td width=\"151\">Opposite<\/td>\n<td width=\"151\">190 cm<\/td>\n<td width=\"151\">1997<\/td>\n<td width=\"302\">Nova KBM Branik<\/td>\n<\/tr>\n<tr>\n<td width=\"151\"><\/td>\n<td width=\"227\"><\/td>\n<td width=\"151\"><\/td>\n<td width=\"151\"><\/td>\n<td width=\"151\"><\/td>\n<td width=\"302\"><\/td>\n<\/tr>\n<tr>\n<td width=\"151\"><\/td>\n<td width=\"227\"><\/td>\n<td width=\"151\"><\/td>\n<td width=\"151\"><\/td>\n<td width=\"151\"><\/td>\n<td width=\"302\"><\/td>\n<\/tr>\n<tr>\n<td width=\"151\"><\/td>\n<td width=\"227\">Mitja Ko\u017eelj<\/td>\n<td width=\"151\">Head Coach<\/td>\n<td width=\"151\"><\/td>\n<td width=\"151\"><\/td>\n<td width=\"302\"><\/td>\n<\/tr>\n<tr>\n<td width=\"151\"><\/td>\n<td width=\"227\"><\/td>\n<td width=\"151\"><\/td>\n<td width=\"151\"><\/td>\n<td width=\"151\"><\/td>\n<td width=\"302\"><\/td>\n<\/tr>\n<\/tbody>\n<\/table>\n","protected":false},"excerpt":{"rendered":"<p>JERSEY NUMBER NAME POSITION HEIGHT YEAR OF BIRTH CLUB 1 Alja Jerala Outside 181 cm 2000 Nova KBM Branik 2 Nika Blagne Outside 184 cm 1994 Nova KBM Branik 4 Marina Kau\u010di\u010d Middle 186 cm 1993 Nova KBM Branik 5 Karmina Su\u017enik Libero 172 cm 1996 Nova KBM Branik 9 Ana Marija Vovk Outside 182  [&#8230;]<\/p>\n","protected":false},"author":2,"featured_media":0,"parent":66,"menu_order":0,"comment_status":"closed","ping_status":"closed","template":"","meta":{"footnotes":""},"class_list":["post-143","page","type-page","status-publish","hentry"],"yoast_head":"<!-- This site is optimized with the Yoast SEO plugin v26.7 - https:\/\/yoast.com\/wordpress\/plugins\/seo\/ -->\n<title>NKBM U22 - Global Challenge 2016<\/title>\n<meta name=\"robots\" content=\"index, follow, max-snippet:-1, max-image-preview:large, max-video-preview:-1\" \/>\n<link rel=\"canonical\" href=\"https:\/\/bringitusa.com\/gc2016\/teams\/u22-division\/nkbm-u22\/\" \/>\n<meta property=\"og:locale\" content=\"en_US\" \/>\n<meta property=\"og:type\" content=\"article\" \/>\n<meta property=\"og:title\" content=\"NKBM U22 - Global Challenge 2016\" \/>\n<meta property=\"og:description\" content=\"JERSEY NUMBER NAME POSITION HEIGHT YEAR OF BIRTH CLUB 1 Alja Jerala Outside 181 cm 2000 Nova KBM Branik 2 Nika Blagne Outside 184 cm 1994 Nova KBM Branik 4 Marina Kau\u010di\u010d Middle 186 cm 1993 Nova KBM Branik 5 Karmina Su\u017enik Libero 172 cm 1996 Nova KBM Branik 9 Ana Marija Vovk Outside 182 [...]\" \/>\n<meta property=\"og:url\" content=\"https:\/\/bringitusa.com\/gc2016\/teams\/u22-division\/nkbm-u22\/\" \/>\n<meta property=\"og:site_name\" content=\"Global Challenge 2016\" \/>\n<meta property=\"article:modified_time\" content=\"2016-07-12T10:47:10+00:00\" \/>\n<meta property=\"og:image\" content=\"http:\/\/bringitusa.com\/gc2016\/wp-content\/uploads\/sites\/5\/2016\/07\/NKBM.jpg\" \/>\n<meta name=\"twitter:card\" content=\"summary_large_image\" \/>\n<script type=\"application\/ld+json\" class=\"yoast-schema-graph\">{\"@context\":\"https:\/\/schema.org\",\"@graph\":[{\"@type\":\"WebPage\",\"@id\":\"https:\/\/bringitusa.com\/gc2016\/teams\/u22-division\/nkbm-u22\/\",\"url\":\"https:\/\/bringitusa.com\/gc2016\/teams\/u22-division\/nkbm-u22\/\",\"name\":\"NKBM U22 - Global Challenge 2016\",\"isPartOf\":{\"@id\":\"https:\/\/bringitusa.com\/gc2016\/#website\"},\"primaryImageOfPage\":{\"@id\":\"https:\/\/bringitusa.com\/gc2016\/teams\/u22-division\/nkbm-u22\/#primaryimage\"},\"image\":{\"@id\":\"https:\/\/bringitusa.com\/gc2016\/teams\/u22-division\/nkbm-u22\/#primaryimage\"},\"thumbnailUrl\":\"http:\/\/bringitusa.com\/gc2016\/wp-content\/uploads\/sites\/5\/2016\/07\/NKBM.jpg\",\"datePublished\":\"2016-07-09T07:05:56+00:00\",\"dateModified\":\"2016-07-12T10:47:10+00:00\",\"breadcrumb\":{\"@id\":\"https:\/\/bringitusa.com\/gc2016\/teams\/u22-division\/nkbm-u22\/#breadcrumb\"},\"inLanguage\":\"en-US\",\"potentialAction\":[{\"@type\":\"ReadAction\",\"target\":[\"https:\/\/bringitusa.com\/gc2016\/teams\/u22-division\/nkbm-u22\/\"]}]},{\"@type\":\"ImageObject\",\"inLanguage\":\"en-US\",\"@id\":\"https:\/\/bringitusa.com\/gc2016\/teams\/u22-division\/nkbm-u22\/#primaryimage\",\"url\":\"https:\/\/bringitusa.com\/gc2016\/wp-content\/uploads\/sites\/5\/2016\/07\/NKBM.jpg\",\"contentUrl\":\"https:\/\/bringitusa.com\/gc2016\/wp-content\/uploads\/sites\/5\/2016\/07\/NKBM.jpg\",\"width\":1100,\"height\":733},{\"@type\":\"BreadcrumbList\",\"@id\":\"https:\/\/bringitusa.com\/gc2016\/teams\/u22-division\/nkbm-u22\/#breadcrumb\",\"itemListElement\":[{\"@type\":\"ListItem\",\"position\":1,\"name\":\"Home\",\"item\":\"https:\/\/bringitusa.com\/gc2016\/\"},{\"@type\":\"ListItem\",\"position\":2,\"name\":\"TEAMS\",\"item\":\"https:\/\/bringitusa.com\/gc2016\/teams\/\"},{\"@type\":\"ListItem\",\"position\":3,\"name\":\"U22 DIVISION\",\"item\":\"https:\/\/bringitusa.com\/gc2016\/teams\/u22-division\/\"},{\"@type\":\"ListItem\",\"position\":4,\"name\":\"NKBM U22\"}]},{\"@type\":\"WebSite\",\"@id\":\"https:\/\/bringitusa.com\/gc2016\/#website\",\"url\":\"https:\/\/bringitusa.com\/gc2016\/\",\"name\":\"Global Challenge 2016\",\"description\":\"Brought to you by Bring It USA\",\"potentialAction\":[{\"@type\":\"SearchAction\",\"target\":{\"@type\":\"EntryPoint\",\"urlTemplate\":\"https:\/\/bringitusa.com\/gc2016\/?s={search_term_string}\"},\"query-input\":{\"@type\":\"PropertyValueSpecification\",\"valueRequired\":true,\"valueName\":\"search_term_string\"}}],\"inLanguage\":\"en-US\"}]}<\/script>\n<!-- \/ Yoast SEO plugin. -->","yoast_head_json":{"title":"NKBM U22 - Global Challenge 2016","robots":{"index":"index","follow":"follow","max-snippet":"max-snippet:-1","max-image-preview":"max-image-preview:large","max-video-preview":"max-video-preview:-1"},"canonical":"https:\/\/bringitusa.com\/gc2016\/teams\/u22-division\/nkbm-u22\/","og_locale":"en_US","og_type":"article","og_title":"NKBM U22 - Global Challenge 2016","og_description":"JERSEY NUMBER NAME POSITION HEIGHT YEAR OF BIRTH CLUB 1 Alja Jerala Outside 181 cm 2000 Nova KBM Branik 2 Nika Blagne Outside 184 cm 1994 Nova KBM Branik 4 Marina Kau\u010di\u010d Middle 186 cm 1993 Nova KBM Branik 5 Karmina Su\u017enik Libero 172 cm 1996 Nova KBM Branik 9 Ana Marija Vovk Outside 182 [...]","og_url":"https:\/\/bringitusa.com\/gc2016\/teams\/u22-division\/nkbm-u22\/","og_site_name":"Global Challenge 2016","article_modified_time":"2016-07-12T10:47:10+00:00","og_image":[{"url":"http:\/\/bringitusa.com\/gc2016\/wp-content\/uploads\/sites\/5\/2016\/07\/NKBM.jpg","type":"","width":"","height":""}],"twitter_card":"summary_large_image","schema":{"@context":"https:\/\/schema.org","@graph":[{"@type":"WebPage","@id":"https:\/\/bringitusa.com\/gc2016\/teams\/u22-division\/nkbm-u22\/","url":"https:\/\/bringitusa.com\/gc2016\/teams\/u22-division\/nkbm-u22\/","name":"NKBM U22 - Global Challenge 2016","isPartOf":{"@id":"https:\/\/bringitusa.com\/gc2016\/#website"},"primaryImageOfPage":{"@id":"https:\/\/bringitusa.com\/gc2016\/teams\/u22-division\/nkbm-u22\/#primaryimage"},"image":{"@id":"https:\/\/bringitusa.com\/gc2016\/teams\/u22-division\/nkbm-u22\/#primaryimage"},"thumbnailUrl":"http:\/\/bringitusa.com\/gc2016\/wp-content\/uploads\/sites\/5\/2016\/07\/NKBM.jpg","datePublished":"2016-07-09T07:05:56+00:00","dateModified":"2016-07-12T10:47:10+00:00","breadcrumb":{"@id":"https:\/\/bringitusa.com\/gc2016\/teams\/u22-division\/nkbm-u22\/#breadcrumb"},"inLanguage":"en-US","potentialAction":[{"@type":"ReadAction","target":["https:\/\/bringitusa.com\/gc2016\/teams\/u22-division\/nkbm-u22\/"]}]},{"@type":"ImageObject","inLanguage":"en-US","@id":"https:\/\/bringitusa.com\/gc2016\/teams\/u22-division\/nkbm-u22\/#primaryimage","url":"https:\/\/bringitusa.com\/gc2016\/wp-content\/uploads\/sites\/5\/2016\/07\/NKBM.jpg","contentUrl":"https:\/\/bringitusa.com\/gc2016\/wp-content\/uploads\/sites\/5\/2016\/07\/NKBM.jpg","width":1100,"height":733},{"@type":"BreadcrumbList","@id":"https:\/\/bringitusa.com\/gc2016\/teams\/u22-division\/nkbm-u22\/#breadcrumb","itemListElement":[{"@type":"ListItem","position":1,"name":"Home","item":"https:\/\/bringitusa.com\/gc2016\/"},{"@type":"ListItem","position":2,"name":"TEAMS","item":"https:\/\/bringitusa.com\/gc2016\/teams\/"},{"@type":"ListItem","position":3,"name":"U22 DIVISION","item":"https:\/\/bringitusa.com\/gc2016\/teams\/u22-division\/"},{"@type":"ListItem","position":4,"name":"NKBM U22"}]},{"@type":"WebSite","@id":"https:\/\/bringitusa.com\/gc2016\/#website","url":"https:\/\/bringitusa.com\/gc2016\/","name":"Global Challenge 2016","description":"Brought to you by Bring It USA","potentialAction":[{"@type":"SearchAction","target":{"@type":"EntryPoint","urlTemplate":"https:\/\/bringitusa.com\/gc2016\/?s={search_term_string}"},"query-input":{"@type":"PropertyValueSpecification","valueRequired":true,"valueName":"search_term_string"}}],"inLanguage":"en-US"}]}},"_links":{"self":[{"href":"https:\/\/bringitusa.com\/gc2016\/wp-json\/wp\/v2\/pages\/143","targetHints":{"allow":["GET"]}}],"collection":[{"href":"https:\/\/bringitusa.com\/gc2016\/wp-json\/wp\/v2\/pages"}],"about":[{"href":"https:\/\/bringitusa.com\/gc2016\/wp-json\/wp\/v2\/types\/page"}],"author":[{"embeddable":true,"href":"https:\/\/bringitusa.com\/gc2016\/wp-json\/wp\/v2\/users\/2"}],"replies":[{"embeddable":true,"href":"https:\/\/bringitusa.com\/gc2016\/wp-json\/wp\/v2\/comments?post=143"}],"version-history":[{"count":0,"href":"https:\/\/bringitusa.com\/gc2016\/wp-json\/wp\/v2\/pages\/143\/revisions"}],"up":[{"embeddable":true,"href":"https:\/\/bringitusa.com\/gc2016\/wp-json\/wp\/v2\/pages\/66"}],"wp:attachment":[{"href":"https:\/\/bringitusa.com\/gc2016\/wp-json\/wp\/v2\/media?parent=143"}],"curies":[{"name":"wp","href":"https:\/\/api.w.org\/{rel}","templated":true}]}}