{"id":153,"date":"2017-06-27T14:38:13","date_gmt":"2017-06-27T14:38:13","guid":{"rendered":"http:\/\/bringitusa.com\/gc2017\/?page_id=153"},"modified":"2017-07-11T15:16:51","modified_gmt":"2017-07-11T15:16:51","slug":"czech-junior-national-team","status":"publish","type":"page","link":"https:\/\/bringitusa.com\/gc2017\/czech-junior-national-team\/","title":{"rendered":"Czech JNT"},"content":{"rendered":"<div class=\"fusion-fullwidth fullwidth-box fusion-builder-row-1 nonhundred-percent-fullwidth non-hundred-percent-height-scrolling\" style=\"--awb-border-radius-top-left:0px;--awb-border-radius-top-right:0px;--awb-border-radius-bottom-right:0px;--awb-border-radius-bottom-left:0px;--awb-padding-top:20px;--awb-padding-bottom:20px;--awb-flex-wrap:wrap;\" ><div class=\"fusion-builder-row fusion-row\"><div class=\"fusion-layout-column fusion_builder_column fusion-builder-column-0 fusion_builder_column_1_1 1_1 fusion-one-full fusion-column-first fusion-column-last\" style=\"--awb-bg-size:cover;\"><div class=\"fusion-column-wrapper fusion-flex-column-wrapper-legacy\"><div class=\"fusion-title title fusion-title-1 fusion-title-text fusion-title-size-one\" style=\"--awb-margin-top-small:10px;--awb-margin-right-small:0px;--awb-margin-bottom-small:10px;--awb-margin-left-small:0px;\"><h1 class=\"fusion-title-heading title-heading-left\" style=\"margin:0;\">Czech Republic Junior National Team<\/h1><span class=\"awb-title-spacer\"><\/span><div class=\"title-sep-container\"><div class=\"title-sep sep-double sep-solid\" style=\"border-color:#e0dede;\"><\/div><\/div><\/div><div class=\"fusion-image-element in-legacy-container\" style=\"--awb-caption-title-font-family:var(--h2_typography-font-family);--awb-caption-title-font-weight:var(--h2_typography-font-weight);--awb-caption-title-font-style:var(--h2_typography-font-style);--awb-caption-title-size:var(--h2_typography-font-size);--awb-caption-title-transform:var(--h2_typography-text-transform);--awb-caption-title-line-height:var(--h2_typography-line-height);--awb-caption-title-letter-spacing:var(--h2_typography-letter-spacing);\"><span class=\" fusion-imageframe imageframe-none imageframe-1 hover-type-none\"><a href=\"http:\/\/bringitusa.com\/gc2017\/wp-content\/uploads\/sites\/6\/2017\/06\/Czech-Rep-U23.jpg\" class=\"fusion-lightbox\" data-rel=\"iLightbox[872baafae1d68619db8]\" data-title=\"Czech Rep U23\" title=\"Czech Rep U23\"><img decoding=\"async\" width=\"1999\" height=\"1332\" src=\"http:\/\/bringitusa.com\/gc2017\/wp-content\/uploads\/sites\/6\/2017\/06\/Czech-Rep-U23.jpg\" alt class=\"img-responsive wp-image-335\" srcset=\"https:\/\/bringitusa.com\/gc2017\/wp-content\/uploads\/sites\/6\/2017\/06\/Czech-Rep-U23-200x133.jpg 200w, https:\/\/bringitusa.com\/gc2017\/wp-content\/uploads\/sites\/6\/2017\/06\/Czech-Rep-U23-400x267.jpg 400w, https:\/\/bringitusa.com\/gc2017\/wp-content\/uploads\/sites\/6\/2017\/06\/Czech-Rep-U23-600x400.jpg 600w, https:\/\/bringitusa.com\/gc2017\/wp-content\/uploads\/sites\/6\/2017\/06\/Czech-Rep-U23-800x533.jpg 800w, https:\/\/bringitusa.com\/gc2017\/wp-content\/uploads\/sites\/6\/2017\/06\/Czech-Rep-U23-1200x800.jpg 1200w, https:\/\/bringitusa.com\/gc2017\/wp-content\/uploads\/sites\/6\/2017\/06\/Czech-Rep-U23.jpg 1999w\" sizes=\"(max-width: 800px) 100vw, 1200px\" \/><\/a><\/span><\/div>\n<div class=\"table-2\">\n<table width=\"100%\">\n<thead>\n<tr>\n<th align=\"left\">Jersey #<\/th>\n<th align=\"left\">Name<\/th>\n<th align=\"left\">School<\/th>\n<th align=\"left\">Position<\/th>\n<th align=\"left\">Height<\/th>\n<\/tr>\n<\/thead>\n<tbody>\n<tr>\n<td align=\"left\">\u00a03<\/td>\n<td align=\"left\">\u00a0Ambro\u017eov\u00e1 Michaela<\/td>\n<td align=\"left\">\u00a0TJ Sokol \u0160ternberk<\/td>\n<td align=\"left\">\u00a0Outside<\/td>\n<td align=\"left\">\u00a0178cm<\/td>\n<\/tr>\n<tr>\n<td align=\"left\">\u00a017<\/td>\n<td align=\"left\">\u00a0Barteck\u00e1 Nikola<\/td>\n<td align=\"left\">\u00a0PVK Olymp Praha<\/td>\n<td align=\"left\">\u00a0Middle<\/td>\n<td align=\"left\">\u00a0185cm<\/td>\n<\/tr>\n<tr>\n<td align=\"left\">\u00a015<\/td>\n<td align=\"left\">\u00a0Benediktov\u00e1 Ad\u00e9la<\/td>\n<td align=\"left\">\u00a0TJ Lokomotiva Plze\u0148<\/td>\n<td align=\"left\">\u00a0Middle<\/td>\n<td align=\"left\">\u00a0187cm<\/td>\n<\/tr>\n<tr>\n<td align=\"left\">\u00a06<\/td>\n<td align=\"left\">\u00a0Digrinov\u00e1 Daniela<\/td>\n<td align=\"left\">\u00a0VK Kr\u00e1lovo Pole<\/td>\n<td align=\"left\">\u00a0Libero<\/td>\n<td align=\"left\">\u00a0169cm<\/td>\n<\/tr>\n<tr>\n<td align=\"left\">\u00a01<\/td>\n<td align=\"left\">\u00a0Dvo\u0159\u00e1\u010dkov\u00e1 Kl\u00e1ra<\/td>\n<td align=\"left\">\u00a0VK AGEL Prost\u011bjov<\/td>\n<td align=\"left\">\u00a0Setter<\/td>\n<td align=\"left\">\u00a0178cm<\/td>\n<\/tr>\n<tr>\n<td align=\"left\">\u00a010<\/td>\n<td align=\"left\">\u00a0Fomenkov\u00e1 Kl\u00e1ra<\/td>\n<td align=\"left\">\u00a0PVK Olymp Praha<\/td>\n<td align=\"left\">\u00a0Outside<\/td>\n<td align=\"left\">\u00a0184cm<\/td>\n<\/tr>\n<tr>\n<td align=\"left\">\u00a05<\/td>\n<td align=\"left\">\u00a0Ja\u0148ourov\u00e1 Sarah<\/td>\n<td align=\"left\">\u00a0PVK Olymp Praha<\/td>\n<td align=\"left\">\u00a0Setter<\/td>\n<td align=\"left\">\u00a0176cm<\/td>\n<\/tr>\n<tr>\n<td align=\"left\">\u00a013<\/td>\n<td align=\"left\">\u00a0Judlov\u00e1 Hana<\/td>\n<td align=\"left\">\u00a0TJ Lokomotiva Plze\u0148<\/td>\n<td align=\"left\">\u00a0Middle<\/td>\n<td align=\"left\">\u00a0185cm<\/td>\n<\/tr>\n<tr>\n<td align=\"left\">\u00a04<\/td>\n<td align=\"left\">\u00a0Kol\u00e1\u0159ov\u00e1 Lucie<\/td>\n<td align=\"left\">\u00a0VSK Slavia TU\u00a0Liberec<\/td>\n<td align=\"left\">\u00a0Libero<\/td>\n<td align=\"left\">\u00a0169cm<\/td>\n<\/tr>\n<tr>\n<td align=\"left\">\u00a015<\/td>\n<td align=\"left\">\u00a0Orvo\u0161ov\u00e1 Gabriela<\/td>\n<td align=\"left\">\u00a0TJ Sokol \u0160ternberk<\/td>\n<td align=\"left\">\u00a0Opposite<\/td>\n<td align=\"left\">\u00a0192cm<\/td>\n<\/tr>\n<tr>\n<td align=\"left\">\u00a09<\/td>\n<td align=\"left\">\u00a0Pavl\u00edkov\u00e1 Denisa<\/td>\n<td align=\"left\">\u00a0VK Kr\u00e1lovo Pole<\/td>\n<td align=\"left\">\u00a0Outside<\/td>\n<td align=\"left\">\u00a0185cm<\/td>\n<\/tr>\n<tr>\n<td align=\"left\">14<\/td>\n<td align=\"left\">\u00a0\u0160ustrov\u00e1 Krist\u00fdna<\/td>\n<td align=\"left\">\u00a0VSK Slavia TU\u00a0Liberec<\/td>\n<td align=\"left\">\u00a0Outside<\/td>\n<td align=\"left\">\u00a0184cm<\/td>\n<\/tr>\n<\/tbody>\n<\/table>\n<\/div>\n<div class=\"fusion-clearfix\"><\/div><\/div><\/div><\/div><\/div>\n","protected":false},"excerpt":{"rendered":"","protected":false},"author":7,"featured_media":0,"parent":0,"menu_order":0,"comment_status":"closed","ping_status":"closed","template":"","meta":{"footnotes":""},"class_list":["post-153","page","type-page","status-publish","hentry"],"yoast_head":"<!-- This site is optimized with the Yoast SEO plugin v26.7 - https:\/\/yoast.com\/wordpress\/plugins\/seo\/ -->\n<title>Czech JNT - Global Challenge 2017<\/title>\n<meta name=\"robots\" content=\"index, follow, max-snippet:-1, max-image-preview:large, max-video-preview:-1\" \/>\n<link rel=\"canonical\" href=\"https:\/\/bringitusa.com\/gc2017\/czech-junior-national-team\/\" \/>\n<meta property=\"og:locale\" content=\"en_US\" \/>\n<meta property=\"og:type\" content=\"article\" \/>\n<meta property=\"og:title\" content=\"Czech JNT - Global Challenge 2017\" \/>\n<meta property=\"og:url\" content=\"https:\/\/bringitusa.com\/gc2017\/czech-junior-national-team\/\" \/>\n<meta property=\"og:site_name\" content=\"Global Challenge 2017\" \/>\n<meta property=\"article:modified_time\" content=\"2017-07-11T15:16:51+00:00\" \/>\n<meta name=\"twitter:card\" content=\"summary_large_image\" \/>\n<meta name=\"twitter:label1\" content=\"Est. reading time\" \/>\n\t<meta name=\"twitter:data1\" content=\"2 minutes\" \/>\n<script type=\"application\/ld+json\" class=\"yoast-schema-graph\">{\"@context\":\"https:\/\/schema.org\",\"@graph\":[{\"@type\":\"WebPage\",\"@id\":\"https:\/\/bringitusa.com\/gc2017\/czech-junior-national-team\/\",\"url\":\"https:\/\/bringitusa.com\/gc2017\/czech-junior-national-team\/\",\"name\":\"Czech JNT - Global Challenge 2017\",\"isPartOf\":{\"@id\":\"https:\/\/bringitusa.com\/gc2017\/#website\"},\"datePublished\":\"2017-06-27T14:38:13+00:00\",\"dateModified\":\"2017-07-11T15:16:51+00:00\",\"breadcrumb\":{\"@id\":\"https:\/\/bringitusa.com\/gc2017\/czech-junior-national-team\/#breadcrumb\"},\"inLanguage\":\"en-US\",\"potentialAction\":[{\"@type\":\"ReadAction\",\"target\":[\"https:\/\/bringitusa.com\/gc2017\/czech-junior-national-team\/\"]}]},{\"@type\":\"BreadcrumbList\",\"@id\":\"https:\/\/bringitusa.com\/gc2017\/czech-junior-national-team\/#breadcrumb\",\"itemListElement\":[{\"@type\":\"ListItem\",\"position\":1,\"name\":\"Home\",\"item\":\"https:\/\/bringitusa.com\/gc2017\/\"},{\"@type\":\"ListItem\",\"position\":2,\"name\":\"Czech JNT\"}]},{\"@type\":\"WebSite\",\"@id\":\"https:\/\/bringitusa.com\/gc2017\/#website\",\"url\":\"https:\/\/bringitusa.com\/gc2017\/\",\"name\":\"Global Challenge 2017\",\"description\":\"The 13th annual European Global Challenge will return to Pula, Croatia on July 11th \u2013 14th, 2017.\",\"potentialAction\":[{\"@type\":\"SearchAction\",\"target\":{\"@type\":\"EntryPoint\",\"urlTemplate\":\"https:\/\/bringitusa.com\/gc2017\/?s={search_term_string}\"},\"query-input\":{\"@type\":\"PropertyValueSpecification\",\"valueRequired\":true,\"valueName\":\"search_term_string\"}}],\"inLanguage\":\"en-US\"}]}<\/script>\n<!-- \/ Yoast SEO plugin. -->","yoast_head_json":{"title":"Czech JNT - Global Challenge 2017","robots":{"index":"index","follow":"follow","max-snippet":"max-snippet:-1","max-image-preview":"max-image-preview:large","max-video-preview":"max-video-preview:-1"},"canonical":"https:\/\/bringitusa.com\/gc2017\/czech-junior-national-team\/","og_locale":"en_US","og_type":"article","og_title":"Czech JNT - Global Challenge 2017","og_url":"https:\/\/bringitusa.com\/gc2017\/czech-junior-national-team\/","og_site_name":"Global Challenge 2017","article_modified_time":"2017-07-11T15:16:51+00:00","twitter_card":"summary_large_image","twitter_misc":{"Est. reading time":"2 minutes"},"schema":{"@context":"https:\/\/schema.org","@graph":[{"@type":"WebPage","@id":"https:\/\/bringitusa.com\/gc2017\/czech-junior-national-team\/","url":"https:\/\/bringitusa.com\/gc2017\/czech-junior-national-team\/","name":"Czech JNT - Global Challenge 2017","isPartOf":{"@id":"https:\/\/bringitusa.com\/gc2017\/#website"},"datePublished":"2017-06-27T14:38:13+00:00","dateModified":"2017-07-11T15:16:51+00:00","breadcrumb":{"@id":"https:\/\/bringitusa.com\/gc2017\/czech-junior-national-team\/#breadcrumb"},"inLanguage":"en-US","potentialAction":[{"@type":"ReadAction","target":["https:\/\/bringitusa.com\/gc2017\/czech-junior-national-team\/"]}]},{"@type":"BreadcrumbList","@id":"https:\/\/bringitusa.com\/gc2017\/czech-junior-national-team\/#breadcrumb","itemListElement":[{"@type":"ListItem","position":1,"name":"Home","item":"https:\/\/bringitusa.com\/gc2017\/"},{"@type":"ListItem","position":2,"name":"Czech JNT"}]},{"@type":"WebSite","@id":"https:\/\/bringitusa.com\/gc2017\/#website","url":"https:\/\/bringitusa.com\/gc2017\/","name":"Global Challenge 2017","description":"The 13th annual European Global Challenge will return to Pula, Croatia on July 11th \u2013 14th, 2017.","potentialAction":[{"@type":"SearchAction","target":{"@type":"EntryPoint","urlTemplate":"https:\/\/bringitusa.com\/gc2017\/?s={search_term_string}"},"query-input":{"@type":"PropertyValueSpecification","valueRequired":true,"valueName":"search_term_string"}}],"inLanguage":"en-US"}]}},"_links":{"self":[{"href":"https:\/\/bringitusa.com\/gc2017\/wp-json\/wp\/v2\/pages\/153","targetHints":{"allow":["GET"]}}],"collection":[{"href":"https:\/\/bringitusa.com\/gc2017\/wp-json\/wp\/v2\/pages"}],"about":[{"href":"https:\/\/bringitusa.com\/gc2017\/wp-json\/wp\/v2\/types\/page"}],"author":[{"embeddable":true,"href":"https:\/\/bringitusa.com\/gc2017\/wp-json\/wp\/v2\/users\/7"}],"replies":[{"embeddable":true,"href":"https:\/\/bringitusa.com\/gc2017\/wp-json\/wp\/v2\/comments?post=153"}],"version-history":[{"count":0,"href":"https:\/\/bringitusa.com\/gc2017\/wp-json\/wp\/v2\/pages\/153\/revisions"}],"wp:attachment":[{"href":"https:\/\/bringitusa.com\/gc2017\/wp-json\/wp\/v2\/media?parent=153"}],"curies":[{"name":"wp","href":"https:\/\/api.w.org\/{rel}","templated":true}]}}