{"id":163,"date":"2019-07-09T20:50:10","date_gmt":"2019-07-09T20:50:10","guid":{"rendered":"http:\/\/bringitusa.com\/gc2019\/?page_id=163"},"modified":"2023-10-05T19:29:56","modified_gmt":"2023-10-05T19:29:56","slug":"awards","status":"publish","type":"page","link":"https:\/\/bringitusa.com\/gc2023\/awards\/","title":{"rendered":"Awards 2023"},"content":{"rendered":"<div class=\"fusion-fullwidth fullwidth-box fusion-builder-row-1 nonhundred-percent-fullwidth non-hundred-percent-height-scrolling\" style=\"--awb-border-radius-top-left:0px;--awb-border-radius-top-right:0px;--awb-border-radius-bottom-right:0px;--awb-border-radius-bottom-left:0px;--awb-flex-wrap:wrap;\" ><div class=\"fusion-builder-row fusion-row\"><div class=\"fusion-layout-column fusion_builder_column fusion-builder-column-0 fusion_builder_column_1_2 1_2 fusion-one-half fusion-column-first\" style=\"--awb-bg-size:cover;width:50%;width:calc(50% - ( ( 4% ) * 0.5 ) );margin-right: 4%;\"><div class=\"fusion-column-wrapper fusion-column-has-shadow fusion-flex-column-wrapper-legacy\"><div class=\"fusion-title title fusion-title-1 fusion-sep-none fusion-title-text fusion-title-size-one\" style=\"--awb-margin-top-small:0px;--awb-margin-right-small:0px;--awb-margin-bottom-small:20px;--awb-margin-left-small:0px;\"><h1 class=\"fusion-title-heading title-heading-left\" style=\"margin:0;\"><h1 class=\"title-heading-left\">U18 Istra Division Standings<\/h1><\/h1><\/div>\n<div class=\"table-1\">\n<table width=\"100%\">\n<thead>\n<tr>\n<th align=\"left\"><strong>Place<\/strong><\/th>\n<th align=\"left\"><strong>Team<\/strong><\/th>\n<\/tr>\n<\/thead>\n<tbody>\n<tr>\n<td align=\"left\">1st<\/td>\n<td align=\"left\">BFTM Ancona<\/td>\n<\/tr>\n<tr>\n<td align=\"left\">2nd<\/td>\n<td align=\"left\">BIP SE<\/td>\n<\/tr>\n<tr>\n<td align=\"left\">3rd<\/td>\n<td align=\"left\">Ka Ulukoa, Hawaii<\/td>\n<\/tr>\n<tr>\n<td align=\"left\">4th<\/td>\n<td align=\"left\">Novi Grad, Sarajevo<\/td>\n<\/tr>\n<tr>\n<td align=\"left\">5th<\/td>\n<td align=\"left\">Volleyball Academie Noord<\/td>\n<\/tr>\n<tr>\n<td align=\"left\">6th<\/td>\n<td align=\"left\">NKBM Branik<\/td>\n<\/tr>\n<tr>\n<td align=\"left\">7th<\/td>\n<td align=\"left\">Hungary U15 Select<\/td>\n<\/tr>\n<tr>\n<td align=\"left\">8th<\/td>\n<td align=\"left\">The Americas<\/td>\n<\/tr>\n<tr>\n<td align=\"left\">9th<\/td>\n<td align=\"left\">Las Americas<\/td>\n<\/tr>\n<tr>\n<td align=\"left\">10th<\/td>\n<td align=\"left\">Vilnius<\/td>\n<\/tr>\n<tr>\n<td align=\"left\">11th<\/td>\n<td align=\"left\">Ok Pula<\/td>\n<\/tr>\n<tr>\n<td align=\"left\">12th<\/td>\n<td align=\"left\">Sweden Yellow<\/td>\n<\/tr>\n<tr>\n<td align=\"left\">13th<\/td>\n<td align=\"left\">RVS Latvia<\/td>\n<\/tr>\n<tr>\n<td align=\"left\">14th<\/td>\n<td align=\"left\">Westside<\/td>\n<\/tr>\n<tr>\n<td align=\"left\">15th<\/td>\n<td align=\"left\">Ljunbny<\/td>\n<\/tr>\n<tr>\n<td align=\"left\">16th<\/td>\n<td align=\"left\">Sweden Blue<\/td>\n<\/tr>\n<tr>\n<td align=\"left\">17th<\/td>\n<td align=\"left\">Valsamoggia<\/td>\n<\/tr>\n<\/tbody>\n<\/table>\n<\/div>\n<div class=\"fusion-title title fusion-title-2 fusion-sep-none fusion-title-text fusion-title-size-one\" style=\"--awb-margin-top-small:0px;--awb-margin-right-small:0px;--awb-margin-bottom-small:20px;--awb-margin-left-small:0px;\"><h1 class=\"fusion-title-heading title-heading-left\" style=\"margin:0;\"><h1 class=\"title-heading-left\">U18 All Tournament Team<\/h1><\/h1><\/div>\n<div class=\"table-1\">\n<table width=\"100%\">\n<thead>\n<tr>\n<th align=\"left\"><strong>Team<\/strong><\/th>\n<th align=\"left\"><strong>Player<\/strong><\/th>\n<\/tr>\n<\/thead>\n<tbody>\n<tr>\n<td align=\"left\">BFTM Ancona<\/td>\n<td align=\"left\">Fenzio Sofia<\/td>\n<\/tr>\n<tr>\n<td align=\"left\">BIP SE<\/td>\n<td align=\"left\">Emma Winter<\/td>\n<\/tr>\n<tr>\n<td align=\"left\">Ka Ulukoa, Hawaii<\/td>\n<td align=\"left\">Charis Kai<\/td>\n<\/tr>\n<tr>\n<td align=\"left\">Novi Grad, Sarajevo<\/td>\n<td align=\"left\">Zara Rendic<\/td>\n<\/tr>\n<tr>\n<td align=\"left\">Volleyball Academie Noord<\/td>\n<td align=\"left\">Emma \u010ce\u0161lji\u0107<\/td>\n<\/tr>\n<tr>\n<td align=\"left\">NKBM Branik<\/td>\n<td align=\"left\">Morgan Daugherty<\/td>\n<\/tr>\n<tr>\n<td align=\"left\">Hungary U15 Select<\/td>\n<td align=\"left\">Vilma Mihalszki<\/td>\n<\/tr>\n<tr>\n<td align=\"left\">The Americas<\/td>\n<td align=\"left\">Juanita Peralt<\/td>\n<\/tr>\n<tr>\n<td align=\"left\">Las Americas<\/td>\n<td align=\"left\">Valentina Roberts<\/td>\n<\/tr>\n<tr>\n<td align=\"left\">Vilnius<\/td>\n<td align=\"left\">Anastasija Jesipenko<\/td>\n<\/tr>\n<tr>\n<td align=\"left\">Ok Pula<\/td>\n<td align=\"left\">Lara \u0160koro<\/td>\n<\/tr>\n<tr>\n<td align=\"left\">Sweden Yellow<\/td>\n<td align=\"left\">Matilda Kuorti<\/td>\n<\/tr>\n<tr>\n<td align=\"left\">RVS Latvia<\/td>\n<td align=\"left\">Melissa Muizniece<\/td>\n<\/tr>\n<tr>\n<td align=\"left\">Westside<\/td>\n<td align=\"left\">Gabby Gelfound<\/td>\n<\/tr>\n<tr>\n<td align=\"left\">Ljunbny<\/td>\n<td align=\"left\">Ellen Nilsson<\/td>\n<\/tr>\n<tr>\n<td align=\"left\">Sweden Blue<\/td>\n<td align=\"left\">Sydney Lewellin<\/td>\n<\/tr>\n<tr>\n<td align=\"left\">Valsamoggia<\/td>\n<td align=\"left\">Sofia Gennelli<\/td>\n<\/tr>\n<\/tbody>\n<\/table>\n<\/div>\n<div class=\"fusion-title title fusion-title-3 fusion-sep-none fusion-title-text fusion-title-size-one\" style=\"--awb-margin-top-small:0px;--awb-margin-right-small:0px;--awb-margin-bottom-small:20px;--awb-margin-left-small:0px;\"><h1 class=\"fusion-title-heading title-heading-left\" style=\"margin:0;\"><h1 class=\"title-heading-left\">U18 Tournament MVP<\/h1><\/h1><\/div>\n<div class=\"table-2\">\n<table width=\"100%\">\n<thead>\n<tr>\n<th align=\"left\"><strong>Team<\/strong><\/th>\n<th align=\"left\"><strong>Player<\/strong><\/th>\n<\/tr>\n<\/thead>\n<tbody>\n<tr>\n<td align=\"left\">BFTM Ancona<\/td>\n<td align=\"left\">Alice Crespi<\/td>\n<\/tr>\n<\/tbody>\n<\/table>\n<\/div>\n<div class=\"fusion-clearfix\"><\/div><\/div><\/div><div class=\"fusion-layout-column fusion_builder_column fusion-builder-column-1 fusion_builder_column_1_2 1_2 fusion-one-half fusion-column-last\" style=\"--awb-bg-size:cover;width:50%;width:calc(50% - ( ( 4% ) * 0.5 ) );\"><div class=\"fusion-column-wrapper fusion-column-has-shadow fusion-flex-column-wrapper-legacy\"><div class=\"fusion-title title fusion-title-4 fusion-sep-none fusion-title-text fusion-title-size-one\" style=\"--awb-margin-top-small:0px;--awb-margin-right-small:0px;--awb-margin-bottom-small:20px;--awb-margin-left-small:0px;\"><h1 class=\"fusion-title-heading title-heading-left\" style=\"margin:0;\"><h1 class=\"title-heading-left\">U23 Brijuni Division\u00a0Standings<\/h1><\/h1><\/div>\n<div class=\"table-1\">\n<table width=\"100%\">\n<thead>\n<tr>\n<th align=\"left\"><strong>Place<\/strong><\/th>\n<th align=\"left\"><strong>Team<\/strong><\/th>\n<\/tr>\n<\/thead>\n<tbody>\n<tr>\n<td align=\"left\">1st<\/td>\n<td align=\"left\">Team BIP<\/td>\n<\/tr>\n<tr>\n<td align=\"left\">2nd<\/td>\n<td align=\"left\">BIP East Coast<\/td>\n<\/tr>\n<tr>\n<td align=\"left\">3rd<\/td>\n<td align=\"left\">BIP PRO<\/td>\n<\/tr>\n<tr>\n<td align=\"left\">4th<\/td>\n<td align=\"left\">SLO U19<\/td>\n<\/tr>\n<tr>\n<td align=\"left\">5th<\/td>\n<td align=\"left\">Durham<\/td>\n<\/tr>\n<tr>\n<td align=\"left\">6th<\/td>\n<td align=\"left\">BIP SE<\/td>\n<\/tr>\n<tr>\n<td align=\"left\">7th<\/td>\n<td align=\"left\">NKBM Branik<\/td>\n<\/tr>\n<\/tbody>\n<\/table>\n<\/div>\n<div class=\"fusion-title title fusion-title-5 fusion-sep-none fusion-title-text fusion-title-size-one\" style=\"--awb-margin-top-small:0px;--awb-margin-right-small:0px;--awb-margin-bottom-small:20px;--awb-margin-left-small:0px;\"><h1 class=\"fusion-title-heading title-heading-left\" style=\"margin:0;\"><h1 class=\"title-heading-left\">U23 All Tournament Team<\/h1><\/h1><\/div>\n<div class=\"table-1\">\n<table width=\"100%\">\n<thead>\n<tr>\n<th align=\"left\"><strong>Team<\/strong><\/th>\n<th align=\"left\"><strong>Player<\/strong><\/th>\n<\/tr>\n<\/thead>\n<tbody>\n<tr>\n<td align=\"left\">Team BIP<\/td>\n<td align=\"left\">Brianna Ford<\/td>\n<\/tr>\n<tr>\n<td align=\"left\">BIP East Coast<\/td>\n<td align=\"left\">Erica Staunton<\/td>\n<\/tr>\n<tr>\n<td align=\"left\">BIP PRO<\/td>\n<td align=\"left\">Shekinah Clark<\/td>\n<\/tr>\n<tr>\n<td align=\"left\">SLO U19<\/td>\n<td align=\"left\">Isa Ramic<\/td>\n<\/tr>\n<tr>\n<td align=\"left\">Durham<\/td>\n<td align=\"left\">Felicia Marshell<\/td>\n<\/tr>\n<tr>\n<td align=\"left\">BIP SE<\/td>\n<td align=\"left\">Julia Sangiacomo<\/td>\n<\/tr>\n<tr>\n<td align=\"left\">NKBM Branik<\/td>\n<td align=\"left\">Irina Milanovic<\/td>\n<\/tr>\n<\/tbody>\n<\/table>\n<\/div>\n<div class=\"fusion-title title fusion-title-6 fusion-sep-none fusion-title-text fusion-title-size-one\" style=\"--awb-margin-top-small:0px;--awb-margin-right-small:0px;--awb-margin-bottom-small:20px;--awb-margin-left-small:0px;\"><h1 class=\"fusion-title-heading title-heading-left\" style=\"margin:0;\"><h1 class=\"title-heading-left\">U23 Tournament MVP<\/h1><\/h1><\/div>\n<div class=\"table-2\">\n<table width=\"100%\">\n<thead>\n<tr>\n<th align=\"left\"><strong>Team<\/strong><\/th>\n<th align=\"left\"><strong>Player<\/strong><\/th>\n<\/tr>\n<\/thead>\n<tbody>\n<tr>\n<td align=\"left\">Team BIP<\/td>\n<td align=\"left\">Maddie Robinson<\/td>\n<\/tr>\n<\/tbody>\n<\/table>\n<\/div>\n<div class=\"fusion-clearfix\"><\/div><\/div><\/div><\/div><\/div>\n","protected":false},"excerpt":{"rendered":"","protected":false},"author":7,"featured_media":0,"parent":0,"menu_order":0,"comment_status":"closed","ping_status":"closed","template":"","meta":{"footnotes":""},"class_list":["post-163","page","type-page","status-publish","hentry"],"yoast_head":"<!-- This site is optimized with the Yoast SEO plugin v26.7 - https:\/\/yoast.com\/wordpress\/plugins\/seo\/ -->\n<title>Awards 2023 - Global Challenge 2023<\/title>\n<meta name=\"robots\" content=\"index, follow, max-snippet:-1, max-image-preview:large, max-video-preview:-1\" \/>\n<link rel=\"canonical\" href=\"https:\/\/bringitusa.com\/gc2023\/awards\/\" \/>\n<meta property=\"og:locale\" content=\"en_US\" \/>\n<meta property=\"og:type\" content=\"article\" \/>\n<meta property=\"og:title\" content=\"Awards 2023 - Global Challenge 2023\" \/>\n<meta property=\"og:url\" content=\"https:\/\/bringitusa.com\/gc2023\/awards\/\" \/>\n<meta property=\"og:site_name\" content=\"Global Challenge 2023\" \/>\n<meta property=\"article:modified_time\" content=\"2023-10-05T19:29:56+00:00\" \/>\n<meta name=\"twitter:card\" content=\"summary_large_image\" \/>\n<meta name=\"twitter:label1\" content=\"Est. reading time\" \/>\n\t<meta name=\"twitter:data1\" content=\"3 minutes\" \/>\n<script type=\"application\/ld+json\" class=\"yoast-schema-graph\">{\"@context\":\"https:\/\/schema.org\",\"@graph\":[{\"@type\":\"WebPage\",\"@id\":\"https:\/\/bringitusa.com\/gc2023\/awards\/\",\"url\":\"https:\/\/bringitusa.com\/gc2023\/awards\/\",\"name\":\"Awards 2023 - Global Challenge 2023\",\"isPartOf\":{\"@id\":\"https:\/\/bringitusa.com\/gc2023\/#website\"},\"datePublished\":\"2019-07-09T20:50:10+00:00\",\"dateModified\":\"2023-10-05T19:29:56+00:00\",\"breadcrumb\":{\"@id\":\"https:\/\/bringitusa.com\/gc2023\/awards\/#breadcrumb\"},\"inLanguage\":\"en-US\",\"potentialAction\":[{\"@type\":\"ReadAction\",\"target\":[\"https:\/\/bringitusa.com\/gc2023\/awards\/\"]}]},{\"@type\":\"BreadcrumbList\",\"@id\":\"https:\/\/bringitusa.com\/gc2023\/awards\/#breadcrumb\",\"itemListElement\":[{\"@type\":\"ListItem\",\"position\":1,\"name\":\"Home\",\"item\":\"https:\/\/bringitusa.com\/gc2023\/\"},{\"@type\":\"ListItem\",\"position\":2,\"name\":\"Awards 2023\"}]},{\"@type\":\"WebSite\",\"@id\":\"https:\/\/bringitusa.com\/gc2023\/#website\",\"url\":\"https:\/\/bringitusa.com\/gc2023\/\",\"name\":\"Global Challenge 2023\",\"description\":\"The 18th Annual Global Challenge will take place in Pula, Croatia on July 12 through July 16, 2021 for u18 and u23 teams from around the world.\",\"potentialAction\":[{\"@type\":\"SearchAction\",\"target\":{\"@type\":\"EntryPoint\",\"urlTemplate\":\"https:\/\/bringitusa.com\/gc2023\/?s={search_term_string}\"},\"query-input\":{\"@type\":\"PropertyValueSpecification\",\"valueRequired\":true,\"valueName\":\"search_term_string\"}}],\"inLanguage\":\"en-US\"}]}<\/script>\n<!-- \/ Yoast SEO plugin. -->","yoast_head_json":{"title":"Awards 2023 - Global Challenge 2023","robots":{"index":"index","follow":"follow","max-snippet":"max-snippet:-1","max-image-preview":"max-image-preview:large","max-video-preview":"max-video-preview:-1"},"canonical":"https:\/\/bringitusa.com\/gc2023\/awards\/","og_locale":"en_US","og_type":"article","og_title":"Awards 2023 - Global Challenge 2023","og_url":"https:\/\/bringitusa.com\/gc2023\/awards\/","og_site_name":"Global Challenge 2023","article_modified_time":"2023-10-05T19:29:56+00:00","twitter_card":"summary_large_image","twitter_misc":{"Est. reading time":"3 minutes"},"schema":{"@context":"https:\/\/schema.org","@graph":[{"@type":"WebPage","@id":"https:\/\/bringitusa.com\/gc2023\/awards\/","url":"https:\/\/bringitusa.com\/gc2023\/awards\/","name":"Awards 2023 - Global Challenge 2023","isPartOf":{"@id":"https:\/\/bringitusa.com\/gc2023\/#website"},"datePublished":"2019-07-09T20:50:10+00:00","dateModified":"2023-10-05T19:29:56+00:00","breadcrumb":{"@id":"https:\/\/bringitusa.com\/gc2023\/awards\/#breadcrumb"},"inLanguage":"en-US","potentialAction":[{"@type":"ReadAction","target":["https:\/\/bringitusa.com\/gc2023\/awards\/"]}]},{"@type":"BreadcrumbList","@id":"https:\/\/bringitusa.com\/gc2023\/awards\/#breadcrumb","itemListElement":[{"@type":"ListItem","position":1,"name":"Home","item":"https:\/\/bringitusa.com\/gc2023\/"},{"@type":"ListItem","position":2,"name":"Awards 2023"}]},{"@type":"WebSite","@id":"https:\/\/bringitusa.com\/gc2023\/#website","url":"https:\/\/bringitusa.com\/gc2023\/","name":"Global Challenge 2023","description":"The 18th Annual Global Challenge will take place in Pula, Croatia on July 12 through July 16, 2021 for u18 and u23 teams from around the world.","potentialAction":[{"@type":"SearchAction","target":{"@type":"EntryPoint","urlTemplate":"https:\/\/bringitusa.com\/gc2023\/?s={search_term_string}"},"query-input":{"@type":"PropertyValueSpecification","valueRequired":true,"valueName":"search_term_string"}}],"inLanguage":"en-US"}]}},"_links":{"self":[{"href":"https:\/\/bringitusa.com\/gc2023\/wp-json\/wp\/v2\/pages\/163","targetHints":{"allow":["GET"]}}],"collection":[{"href":"https:\/\/bringitusa.com\/gc2023\/wp-json\/wp\/v2\/pages"}],"about":[{"href":"https:\/\/bringitusa.com\/gc2023\/wp-json\/wp\/v2\/types\/page"}],"author":[{"embeddable":true,"href":"https:\/\/bringitusa.com\/gc2023\/wp-json\/wp\/v2\/users\/7"}],"replies":[{"embeddable":true,"href":"https:\/\/bringitusa.com\/gc2023\/wp-json\/wp\/v2\/comments?post=163"}],"version-history":[{"count":0,"href":"https:\/\/bringitusa.com\/gc2023\/wp-json\/wp\/v2\/pages\/163\/revisions"}],"wp:attachment":[{"href":"https:\/\/bringitusa.com\/gc2023\/wp-json\/wp\/v2\/media?parent=163"}],"curies":[{"name":"wp","href":"https:\/\/api.w.org\/{rel}","templated":true}]}}